{"id":1621,"date":"2014-02-05T19:07:58","date_gmt":"2014-02-05T17:07:58","guid":{"rendered":"http:\/\/www.deboekanier.nl\/?page_id=1621"},"modified":"2014-02-05T19:28:21","modified_gmt":"2014-02-05T17:28:21","slug":"wochenende-segeln-auf-dem-ijsselmeer-holland","status":"publish","type":"page","link":"https:\/\/deboekanier.nl\/de\/wochenende-segeln-auf-dem-ijsselmeer-holland\/","title":{"rendered":"Wochenende segeln auf dem IJsselmeer-Holland"},"content":{"rendered":"<p><span style=\"text-decoration: underline;\"><em><strong>\u00a0<\/strong><\/em><\/span><\/p>\n<h2><a href=\"http:\/\/www.deboekanier.nl\/wp-admin\/post.php?post=1621&amp;action=edit&amp;lang=de&amp;message=4#\"><img decoding=\"async\" class=\"aligncenter size-medium sq_image\" id=\"img587\" title=\"wochenende segeln auf dem ijsselmeer holland \" alt=\"wochenende segeln auf dem ijsselmeer holland \" src=\"\/wp-content\/uploads\/2014\/02\/ban1102139e910b4330121.jpg\" width=\"450\" \/><\/a><\/h2>\n<p><strong><a href=\"http:\/\/www.vvvterschelling.nl\/homepage\/\">Wochenende Segeln<\/a> auf dem Ijsselmeer-Holland<\/strong><\/p>\n<h2>Segelt\u00f6rn Holland, Betriebsausfl\u00fcge, Wochenendt\u00f6rn, Segeltouren Wattenmeer<\/h2>\n<h2>Willkommen an Bord des Segelschiffes Boekanier<\/h2>\n<p><strong>Segeln<\/strong> bedeutet <strong><em>frische Luft, Teamarbeit, Geniessen, Zusammensein.<\/em><\/strong><br \/>\n<span style=\"line-height: 1.5em;\">Die Zusammenarbeit zwischen Ihnen und Ihren Kollegen oder Gesch\u00e4ftspartnern stimulieren um h\u00f6her Hinaus zu kommen? Eine Familienfeier? Betriebs- oder Produktpr\u00e4sentation? Gesch\u00e4ftsbesprechungen? Schulreise, Jugendfreizeit oder Projektwoche?<\/span><\/p>\n<h2>Segelcharter Boekanier f\u00fcr Mittelgro\u00dfe oder kleine Gruppen &#8211; Segeln<\/h2>\n<p><strong>Wochenende Segeln auf dem Ijsselmeer-Holland<\/strong><\/p>\n<h2><span style=\"font-size: 14px; line-height: 1.5em;\">Bei Segelschiff Boekanier ist es m\u00f6glich Kreativit\u00e4t und Freiheit wieder zu entfinden. Dem Jubilar einen unvergesslichen Tag bescheren, Ihren Gesch\u00e4ftspartnern imponieren oder einfach einen Tag lang unbesorgt segeln. Unser Segelcharter ist f\u00fcr kleine und gro\u00dfe Gruppen bis 34 Personen geeignet.<\/span><\/h2>\n<p>TeamBesprechungen auf dem Wasser und Segeln auf einem historischen 2-Mast Klipper mit klassischer Gef\u00fchl. Das IJsselmeer und Wattenmeer ist eine sehr entspannende Umgebung f\u00fcr Sie und Ihre Freunden, helfen Ihnen die Kreativit\u00e4t, Teamarbeit und die Team spirit zu f\u00f6rdern. Aktiv oder passiv mit-segeln, ein Buch lesen, essen, trinken und geniessen!<\/p>\n<h3>Gesch\u00e4ftsausfl\u00fcge auf einem Segelschiff<\/h3>\n<p style=\"text-align: center;\"><img decoding=\"async\" class=\"aligncenter size-medium sq_image\" id=\"img985\" title=\"wochenende segeln auf dem ijsselmeer holland\" alt=\"wochenende segeln auf dem ijsselmeer holland\" src=\"\/wp-content\/uploads\/2014\/02\/grosssegler1.jpg\" width=\"360\" \/><img loading=\"lazy\" decoding=\"async\" class=\"aligncenter size-medium sq_image\" id=\"img202\" title=\"wochenende segeln auf dem ijsselmeer holland\" alt=\"wochenende segeln auf dem ijsselmeer holland\" src=\"\/wp-content\/uploads\/2014\/02\/ban1102139e910b433012.jpg\" width=\"450\" height=\"320\" \/><\/p>\n<p align=\"justify\">Ihre <strong>Wochenende<\/strong>,\u00a0<span style=\"line-height: 1.5em;\">Teambuilding,\u00a0<\/span><span style=\"line-height: 1.5em;\">Feier, Betriebsausflug oder \u00a0wird garantiert ein weiteres Erfolg.<\/span><\/p>\n<p align=\"justify\">\u00dcbernachtungsm\u00f6glichkeiten, um ein mehrt\u00e4giges Programm zu unterst\u00fctzen, sind vorhanden.<br \/>\nEin Brainstorming an einem Tag und am n\u00e4chsten Tag mal den Gedanken freien Lauf lassen! Dies wird Ihnen als Initiativenehmer zu gute kommen, hieraus wird viel Positives entstehen.<\/p>\n<p align=\"justify\">Der alte Binnenhafen, liegend im Centrum von Monnickendam ist der Heimathafen der Orion. Monnickendam hat einen wundersch\u00f6nen Stadtkern und liegt nur zehn Kilometer n\u00f6rdlich von Amsterdam.<\/p>\n<h4>Segeln auf dem Wattenmeer oder das IJsselmeer<\/h4>\n<p>Mit der Boekanier k\u00f6nnen wir das IJsselmeer, das Wattenmeer und die friesischen Seen erreichen.<\/p>\n<p style=\"text-align: center;\">\u00a0<img loading=\"lazy\" decoding=\"async\" class=\"aligncenter size-medium sq_image\" id=\"img739\" title=\"wochenende segeln auf dem ijsselmeer holland\" alt=\"wochenende segeln auf dem ijsselmeer holland\" src=\"\/wp-content\/uploads\/2014\/02\/animation1.gif\" width=\"231\" height=\"164\" \/><\/p>\n<p>&nbsp;<\/p>\n<h5>Makkum, Enkhuizen, Hoorn, Texel, Stavoren und andere Hafenst\u00e4dtchen oder Texel, Vlieland, Terschelling<\/h5>\n<p><img decoding=\"async\" class=\"aligncenter size-medium sq_image\" id=\"img725\" title=\"wochenende segeln auf dem ijsselmeer holland\" alt=\"wochenende segeln auf dem ijsselmeer holland\" src=\"\/wp-content\/uploads\/2014\/02\/ijsselmeer-karte01_660.jpg\" width=\"400\" \/><\/p>\n<p>&nbsp;<\/p>\n<h2>Mannschaft<\/h2>\n<p>Joop Bosshardt hat mehr als 25 Jahre Berufserfahrung als Projektmanager, organisation sitzt mir im Blut. F\u00fcr\u00a0<span style=\"line-height: 1.5em;\">Familienfeiern,\u00a0<\/span><span style=\"line-height: 1.5em;\">Teambuilding ,, andere Events auf der \u201eBoekanier&#8220; k\u00f6nnen Sie und Ihre G\u00e4ste ganz auf einen Professionale begleitung erwarten.<\/span><\/p>\n<p><img loading=\"lazy\" decoding=\"async\" class=\"size-medium sq_image alignleft\" id=\"img579\" title=\"wochenende segeln auf dem ijsselmeer holland\" alt=\"wochenende segeln auf dem ijsselmeer holland\" src=\"\/wp-content\/uploads\/2014\/02\/segeln_ijsselmeer.jpg\" width=\"220\" height=\"147\" \/>M\u00f6glichkeiten die 2-mast Klipper Boekanier bietet:<\/p>\n<p>&#8211; Tagesfahrten oder Abendfahrten<br \/>\n&#8211; IJsselmeer, Wattenmeer und die friesischen Seen sind erreichbar<br \/>\n&#8211; Wochenende, langes Wochenende und Kurz Wochenarrangemente<br \/>\n&#8211; Kurzwoche, Schulwoche, Projektwoche<br \/>\n&#8211; Catering oder Selbstversorgung<br \/>\n&#8211; Spezielle W\u00fcnsche sind immer m\u00f6glich, wir stehen Offen f\u00fcr Ihre W\u00fcnsche<br \/>\n&#8211; Segeln f\u00fcr Familien, Freunde, Betriebe, Vereine, Gemeinden und Schulen<br \/>\n&#8211; Unverbindliches Angebot<\/p>\n<p>Garantiertes Segelvergn\u00fcgen!<\/p>\n<p>Joop Bosshardt<br \/>\nSkipper \/ Eigner Boekanier<\/p>\n<h2><a href=\"http:\/\/www.deboekanier.nl\/wp-admin\/post.php?post=1621&amp;action=edit&amp;lang=de&amp;message=4#\">Wochenende\u00a0segeln\u00a0auf\u00a0dem\u00a0IJsselmeer-Holland<\/a><\/h2>\n","protected":false},"excerpt":{"rendered":"<p>\u00a0 Wochenende Segeln auf dem Ijsselmeer-Holland Segelt\u00f6rn Holland, Betriebsausfl\u00fcge, Wochenendt\u00f6rn, Segeltouren Wattenmeer Willkommen an Bord des Segelschiffes Boekanier Segeln bedeutet frische Luft, Teamarbeit, Geniessen, Zusammensein. Die Zusammenarbeit zwischen Ihnen und Ihren Kollegen oder Gesch\u00e4ftspartnern stimulieren um h\u00f6her Hinaus zu kommen? Eine Familienfeier? Betriebs- oder Produktpr\u00e4sentation? Gesch\u00e4ftsbesprechungen? Schulreise, Jugendfreizeit oder Projektwoche? Segelcharter Boekanier f\u00fcr Mittelgro\u00dfe oder&#8230;<\/p>\n","protected":false},"author":1,"featured_media":0,"parent":0,"menu_order":0,"comment_status":"closed","ping_status":"closed","template":"","meta":{"_joinchat":[],"footnotes":""},"class_list":["post-1621","page","type-page","status-publish","hentry"],"_links":{"self":[{"href":"https:\/\/deboekanier.nl\/de\/wp-json\/wp\/v2\/pages\/1621","targetHints":{"allow":["GET"]}}],"collection":[{"href":"https:\/\/deboekanier.nl\/de\/wp-json\/wp\/v2\/pages"}],"about":[{"href":"https:\/\/deboekanier.nl\/de\/wp-json\/wp\/v2\/types\/page"}],"author":[{"embeddable":true,"href":"https:\/\/deboekanier.nl\/de\/wp-json\/wp\/v2\/users\/1"}],"replies":[{"embeddable":true,"href":"https:\/\/deboekanier.nl\/de\/wp-json\/wp\/v2\/comments?post=1621"}],"version-history":[{"count":5,"href":"https:\/\/deboekanier.nl\/de\/wp-json\/wp\/v2\/pages\/1621\/revisions"}],"predecessor-version":[{"id":1638,"href":"https:\/\/deboekanier.nl\/de\/wp-json\/wp\/v2\/pages\/1621\/revisions\/1638"}],"wp:attachment":[{"href":"https:\/\/deboekanier.nl\/de\/wp-json\/wp\/v2\/media?parent=1621"}],"curies":[{"name":"wp","href":"https:\/\/api.w.org\/{rel}","templated":true}]}}