{"id":249,"date":"2012-12-23T13:00:00","date_gmt":"2012-12-23T12:00:00","guid":{"rendered":"http:\/\/www.deboekanier.nl\/?page_id=249"},"modified":"2020-06-16T08:33:24","modified_gmt":"2020-06-16T06:33:24","slug":"informationen","status":"publish","type":"page","link":"https:\/\/deboekanier.nl\/de\/informationen\/","title":{"rendered":"Informationen"},"content":{"rendered":"<section class=\"l-section wpb_row height_small color_alternate\"><div class=\"l-section-h i-cf\"><div class=\"g-cols vc_row via_flex valign_middle type_default stacking_default\"><div class=\"vc_col-sm-6 wpb_column vc_column_container\"><div class=\"vc_column-inner\"><div class=\"wpb_wrapper\"><h1 class=\"w-post-elm post_title us_custom_607cd7e8 entry-title color_link_inherit\">Informationen<\/h1><\/div><\/div><\/div><div class=\"vc_col-sm-6 wpb_column vc_column_container\"><div class=\"vc_column-inner\"><div class=\"wpb_wrapper\"><nav class=\"g-breadcrumbs us_custom_ea2be81a separator_icon align_right\" itemscope itemtype=\"http:\/\/schema.org\/BreadcrumbList\"><div class=\"g-breadcrumbs-item\" itemscope itemprop=\"itemListElement\" itemtype=\"http:\/\/schema.org\/ListItem\"><a itemprop=\"item\" href=\"https:\/\/deboekanier.nl\/de\/\"><span itemprop=\"name\">Start<\/span><\/a><meta itemprop=\"position\" content=\"1\"\/><\/div><div class=\"g-breadcrumbs-separator\"><i class=\"far fa-angle-right\"><\/i><\/div><div class=\"g-breadcrumbs-item\">Seiten<\/div><\/nav><\/div><\/div><\/div><\/div><\/div><\/section><section class=\"l-section wpb_row height_medium\"><div class=\"l-section-h i-cf\"><div class=\"g-cols vc_row via_flex valign_top type_default stacking_default\"><div class=\"vc_col-sm-8 wpb_column vc_column_container\"><div class=\"vc_column-inner\"><div class=\"wpb_wrapper\"><div class=\"wpb_text_column\"><div class=\"wpb_wrapper\"><h1><strong>Zwei Mast Klipper Die Boekanier<\/strong><\/h1>\n<p><strong>Bis in die achtziger Jahre des vorigen Jahrhunderts fuhr die Boekanier noch mit Fracht. Nach einer Ruhepause wurde sie im Jahr 1991 erneut in die Fahrt genommen. Die Boekanier ist ein gem\u00fctliches Schiff, auf dem es Ihnen an nichts fehlen wird. Das stimmungsvolle Ambiente verspricht mit Speedboot und Zapfanlage einen angenehmen Aufenthalt an Bord.<\/strong><\/p>\n<p>Die Besatzung bringt Ihnen gerne die Grundkenntnisse des Segelns bei, damit Sie sich aktiv am Segeln beteiligen k\u00f6nnen. Sie f\u00fchrt Sie zu den sch\u00f6nsten Ecken am IJsselmeer, der Friesischen Seenplatte und dem Watt, wo das Trockenfallen mit dem Schiff ganz bestimmt zu einem unvergesslichen Erlebnis wird!<\/p>\n<h3>Greenkey<\/h3>\n<p>Bei einer Fahrt mit der Boekanier k\u00f6nnen Sie sicher sein, dass Sie umweltfreundlich unterwegs sind. An Bord sind verschiedene Umweltma\u00dfnahmen getroffen worden, die darin resultierten, dass das Schiff mit dem begehrten &#8222;Greenkey-Label&#8220; ausgestattet wurde. &#8222;Greenkey&#8220; ist eine internationale Auszeichnung, die im Tourismus-, bzw. Freizeitsektor verliehen wird. Das Bestreben des einzelnen Unternehmers, die gesetzlichen Vorschriften im Hinblick auf Natur- und Umweltschutz zu \u00fcbertreffen wird damit belohnt.<\/p>\n<h3>Viel Spa\u00df an Deck<\/h3>\n<p>An Deck k\u00f6nnen Sie sich aktiv an den Segelman\u00f6vern beteiligen aber bei sonnigem Wetter will man sich nat\u00fcrlich auch gerne ein wenig erholen. Es gibt f\u00fcr alle ein gem\u00fctliches Pl\u00e4tzchen an Deck und auch die Kinder sind Dank der hohen Reling und spezieller Schwimmwesten sicher aufgehoben.<\/p>\n<h3>Viel Platz unter Deck<\/h3>\n<p>Unter Deck finden Sie f\u00fcr alle denkbaren Gelegenheiten ausreichend Platz. Im gem\u00fctlichen Ambiente des Salons kommt man gerne zusammen und l\u00e4sst sich das Essen gut genie\u00dfen, das in der komplett ausger\u00fcsteten K\u00fcche zubereitet wird. In der gesonderten Sitzecke befindet sich eine Bar mit Zapfanlage. Auch an den k\u00fchleren Abenden l\u00e4sst es sich auf der Boekanier bis zu sp\u00e4ter Stunde gut aushalten.<\/p>\n<h3>Eine gute Nachtruhe<\/h3>\n<p>Bei der letzten Renovierung der Boekanier wurden die Kabinen bewusst hell eingerichtet, bekam jede der Kabinen ein eigenes Waschbecken, Zentralheizung, viel Tageslichteinfall und eine ausreichende Ventilation. Dazu gibt es in einer der Kabinen ein zus\u00e4tzliches Reisebett f\u00fcr Kleinkinder. Schon nach einer Nacht in den komfortablen Kabinen f\u00fchlen Sie sich herrlich entspannt und ausgeruht.<\/p>\n<p>An Bord der Boekanier befinden sich zwei zus\u00e4tzliche Klappbetten, sodass Sie auch mit einer Gruppe von 28 Personen mitsegeln k\u00f6nnen.<\/p>\n<h3>Geschichte<\/h3>\n<p>In 1901 wurde die Boekanier erstmals zu Wasser gelassen und fuhr danach 89 Jahre lang als Frachtschiff. In 1990 wurde das Schiff zum Passagierschiff umgebaut und dient seitdem der Charterfahrt. Das Segelschiff ist trotz Anpassung an die modernen Anspr\u00fcche der Zeit seinem nostalgischen Charakter treu geblieben.<\/p>\n<\/div><\/div><div class=\"w-separator size_medium\"><\/div><div class=\"w-sharing type_solid align_none color_default\"><div class=\"w-sharing-list\" data-content-image=\"true\"><a class=\"w-sharing-item facebook\" href=\"https:\/\/www.facebook.com\/sharer\/sharer.php?u=https:\/\/deboekanier.nl\/de\/wp-json\/wp\/v2\/pages\/249&amp;quote=Informationen\" title=\"Teile dies\" aria-label=\"Teile dies\" onclick=\"window.open(this.href, &quot;facebook&quot;, &quot;toolbar=0,width=900,height=500&quot;); return false;\"><i class=\"fab fa-facebook\"><\/i><\/a><a class=\"w-sharing-item twitter\" href=\"https:\/\/twitter.com\/intent\/tweet?text=Informationen&amp;url=https:\/\/deboekanier.nl\/de\/wp-json\/wp\/v2\/pages\/249\" title=\"Teile dies\" aria-label=\"Teile dies\" onclick=\"window.open(this.href, &quot;twitter&quot;, &quot;toolbar=0,width=650,height=360&quot;); return false;\"><i class=\"fab fa-x-twitter\"><svg style=\"width:1em; margin-bottom:-.1em;\" xmlns=\"http:\/\/www.w3.org\/2000\/svg\" viewBox=\"0 0 512 512\" role=\"presentation\"><path fill=\"currentColor\" d=\"M389.2 48h70.6L305.6 224.2 487 464H345L233.7 318.6 106.5 464H35.8L200.7 275.5 26.8 48H172.4L272.9 180.9 389.2 48zM364.4 421.8h39.1L151.1 88h-42L364.4 421.8z\"\/><\/svg><\/i><\/a><a class=\"w-sharing-item linkedin\" href=\"https:\/\/www.linkedin.com\/shareArticle?mini=true&amp;url=https:\/\/deboekanier.nl\/de\/wp-json\/wp\/v2\/pages\/249\" title=\"Teile dies\" aria-label=\"Teile dies\" onclick=\"window.open(this.href, &quot;linkedin&quot;, &quot;toolbar=no,width=550,height=550&quot;); return false;\"><i class=\"fab fa-linkedin\"><\/i><\/a><a class=\"w-sharing-item pinterest\" href=\"https:\/\/www.pinterest.com\/pin\/create\/button\/?url=https:\/\/deboekanier.nl\/de\/wp-json\/wp\/v2\/pages\/249&amp;media={{image}}&amp;description=Informationen\" title=\"Pin das\" aria-label=\"Pin das\" onclick=\"window.open(this.href, &quot;pinterest&quot;, &quot;toolbar=no,width=700,height=300&quot;); return false;\"><i class=\"fab fa-pinterest\"><\/i><\/a><\/div><\/div><\/div><\/div><\/div><div class=\"vc_col-sm-4 wpb_column vc_column_container\"><div class=\"vc_column-inner\"><div class=\"wpb_wrapper\"><div class=\"w-separator size_medium\"><\/div><div class=\"wpb_widgetised_column wpb_content_element\"><div class=\"wpb_wrapper\"><div id=\"search-6\" class=\"widget widget_search\"><h3 class=\"widgettitle\">Search<\/h3><form role=\"search\" method=\"get\" class=\"search-form\" action=\"https:\/\/deboekanier.nl\/de\/\">\n\t\t\t\t<label>\n\t\t\t\t\t<span class=\"screen-reader-text\">Suchen nach:<\/span>\n\t\t\t\t\t<input type=\"search\" class=\"search-field\" placeholder=\"Suchen\u00a0\u2026\" value=\"\" name=\"s\" \/>\n\t\t\t\t<\/label>\n\t\t\t\t<input type=\"submit\" class=\"search-submit\" value=\"Suchen\" \/>\n\t\t\t<\/form><\/div><div id=\"us_contacts-4\" class=\"widget widget_us_contacts\"><h3 class=\"widgettitle\">Kontakt info<\/h3><div class=\"w-contacts\"><div class=\"w-contacts-list\"><div class=\"w-contacts-item for_phone\"><span class=\"w-contacts-item-value\">+31 (0)6 - 539 224 90<\/span><\/div><div class=\"w-contacts-item for_email\"><span class=\"w-contacts-item-value\"><a href=\"mailto:info@deboekanier.nl\">info@deboekanier.nl<\/a><\/span><\/div><\/div><\/div><\/div><\/div><\/div><div class=\"w-separator size_medium\"><\/div><div class=\"wpb_widgetised_column wpb_content_element\"><div class=\"wpb_wrapper\"><\/div><\/div><div class=\"w-separator size_medium\"><\/div><div class=\"wpb_widgetised_column wpb_content_element\"><div class=\"wpb_wrapper\"><\/div><\/div><\/div><\/div><\/div><\/div><\/div><\/section>\n","protected":false},"excerpt":{"rendered":"InformationenStartSeitenZwei Mast Klipper Die Boekanier Bis in die achtziger Jahre des vorigen Jahrhunderts fuhr die Boekanier noch mit Fracht. Nach einer Ruhepause wurde sie im Jahr 1991 erneut in die Fahrt genommen. Die Boekanier ist ein gem\u00fctliches Schiff, auf dem es Ihnen an nichts fehlen wird. Das stimmungsvolle Ambiente verspricht mit Speedboot und Zapfanlage einen...","protected":false},"author":1,"featured_media":0,"parent":0,"menu_order":0,"comment_status":"closed","ping_status":"open","template":"","meta":{"_joinchat":[],"footnotes":""},"class_list":["post-249","page","type-page","status-publish","hentry"],"_links":{"self":[{"href":"https:\/\/deboekanier.nl\/de\/wp-json\/wp\/v2\/pages\/249","targetHints":{"allow":["GET"]}}],"collection":[{"href":"https:\/\/deboekanier.nl\/de\/wp-json\/wp\/v2\/pages"}],"about":[{"href":"https:\/\/deboekanier.nl\/de\/wp-json\/wp\/v2\/types\/page"}],"author":[{"embeddable":true,"href":"https:\/\/deboekanier.nl\/de\/wp-json\/wp\/v2\/users\/1"}],"replies":[{"embeddable":true,"href":"https:\/\/deboekanier.nl\/de\/wp-json\/wp\/v2\/comments?post=249"}],"version-history":[{"count":5,"href":"https:\/\/deboekanier.nl\/de\/wp-json\/wp\/v2\/pages\/249\/revisions"}],"predecessor-version":[{"id":4436,"href":"https:\/\/deboekanier.nl\/de\/wp-json\/wp\/v2\/pages\/249\/revisions\/4436"}],"wp:attachment":[{"href":"https:\/\/deboekanier.nl\/de\/wp-json\/wp\/v2\/media?parent=249"}],"curies":[{"name":"wp","href":"https:\/\/api.w.org\/{rel}","templated":true}]}}