{"id":2782,"date":"2016-10-26T16:08:05","date_gmt":"2016-10-26T15:08:05","guid":{"rendered":"http:\/\/www.deboekanier.nl\/?page_id=2782"},"modified":"2025-12-22T11:47:13","modified_gmt":"2025-12-22T10:47:13","slug":"preise-und-gebuhren","status":"publish","type":"page","link":"https:\/\/deboekanier.nl\/de\/informationen\/preise-und-gebuhren\/","title":{"rendered":"Preise und Geb\u00fchren 2026"},"content":{"rendered":"<section class=\"l-section wpb_row height_medium\"><div class=\"l-section-h i-cf\"><div class=\"g-cols vc_row via_flex valign_top type_default stacking_default\"><div class=\"vc_col-sm-8 wpb_column vc_column_container\"><div class=\"vc_column-inner\"><div class=\"wpb_wrapper\"><div class=\"wpb_text_column\"><div class=\"wpb_wrapper\"><h2>Mietpreise von der Boekanier<\/h2>\n\n<table id=\"tablepress-5\" class=\"tablepress tablepress-id-5\">\n<thead>\n<tr class=\"row-1\">\n\t<th class=\"column-1\">Periode<\/th><th class=\"column-2\">Mietpreis<\/th><th class=\"column-3\">p.p.<\/th>\n<\/tr>\n<\/thead>\n<tbody class=\"row-striping row-hover\">\n<tr class=\"row-2\">\n\t<td class=\"column-1\">Tagest\u00f6rn  (8 Std.) Frei - Sa  ( Max 45 pers.)<\/td><td class=\"column-2\">\u20ac2160.00<\/td><td class=\"column-3\"><\/td>\n<\/tr>\n<tr class=\"row-3\">\n\t<td class=\"column-1\">Tagest\u00f6rn (8 Std.) So - Do<br \/>\nMax. 45 Pers.<\/td><td class=\"column-2\">\u20ac1900,00<\/td><td class=\"column-3\"><\/td>\n<\/tr>\n<tr class=\"row-4\">\n\t<td class=\"column-1\">Extra Nacht<\/td><td class=\"column-2\">\u20ac500,00<\/td><td class=\"column-3\"><\/td>\n<\/tr>\n<tr class=\"row-5\">\n\t<td class=\"column-1\">Extra Tag<\/td><td class=\"column-2\">\u20ac 1130.00<\/td><td class=\"column-3\"><\/td>\n<\/tr>\n<tr class=\"row-6\">\n\t<td class=\"column-1\">Kurzewochenende<\/td><td class=\"column-2\">\u20ac3380,00<\/td><td class=\"column-3\"><\/td>\n<\/tr>\n<tr class=\"row-7\">\n\t<td class=\"column-1\">Wochenende<\/td><td class=\"column-2\">\u20ac3750.00<\/td><td class=\"column-3\"><\/td>\n<\/tr>\n<tr class=\"row-8\">\n\t<td class=\"column-1\">Kurzwoche\/+Nacht<br \/>\nSch\u00fcler<\/td><td class=\"column-2\">\u20ac5735,00<\/td><td class=\"column-3\"><\/td>\n<\/tr>\n<tr class=\"row-9\">\n\t<td class=\"column-1\">Kurzwoche\/Sch\u00fcler<\/td><td class=\"column-2\">\u20ac5235.00<\/td><td class=\"column-3\"><\/td>\n<\/tr>\n<tr class=\"row-10\">\n\t<td class=\"column-1\">Woche<\/td><td class=\"column-2\">\u20ac7870,00<\/td><td class=\"column-3\"><\/td>\n<\/tr>\n<tr class=\"row-11\">\n\t<td class=\"column-1\">Pfingst (3 Tage)<\/td><td class=\"column-2\">\u20ac7700.00<\/td><td class=\"column-3\"><\/td>\n<\/tr>\n<tr class=\"row-12\">\n\t<td class=\"column-1\">Himmelfahrts (4 Tage)<\/td><td class=\"column-2\">\u20ac8000.00<\/td><td class=\"column-3\"><\/td>\n<\/tr>\n<tr class=\"row-13\">\n\t<td class=\"column-1\">Ostern (3 Tage)<\/td><td class=\"column-2\">\u20ac3500,00<\/td><td class=\"column-3\"><\/td>\n<\/tr>\n<tr class=\"row-14\">\n\t<td class=\"column-1\"><\/td><td class=\"column-2\"><\/td><td class=\"column-3\"><\/td>\n<\/tr>\n<tr class=\"row-15\">\n\t<td class=\"column-1\">Endreinigung<\/td><td class=\"column-2\">\u20ac150,00<\/td><td class=\"column-3\"><\/td>\n<\/tr>\n<tr class=\"row-16\">\n\t<td class=\"column-1\">Bettdecken<\/td><td class=\"column-2\">\u20ac15,00<\/td><td class=\"column-3\">Incl. nur im Wochenende<\/td>\n<\/tr>\n<tr class=\"row-17\">\n\t<td class=\"column-1\">Handtuche<\/td><td class=\"column-2\">\u20ac5,00<\/td><td class=\"column-3\"><\/td>\n<\/tr>\n<\/tbody>\n<\/table>\n<!-- #tablepress-5 from cache -->\n<div><\/div>\n<div class=\"d-flex flex-column\" hidden=\"\">\n<h4>Prijslijst <a class=\"bbb-clickable bbb-black bbb-underlined\">2021<\/a><\/h4>\n<table>\n<tbody>\n<tr>\n<td>Kort weekend<br \/>\n<i>za. 11.00 &#8211; zo. 16.00<\/i><\/td>\n<td class=\"bbb-prijslijst-col\">\u20ac 2.700,-<\/td>\n<\/tr>\n<tr>\n<td>Weekend<br \/>\n<i>vr. 20.00 &#8211; zo. 15.00<\/i><\/td>\n<td class=\"bbb-prijslijst-col\">\u20ac 3.400,-<\/td>\n<\/tr>\n<tr>\n<td>Midweek<br \/>\n<i>ma. 10.00 &#8211; vr. 16.00<\/i><\/td>\n<td class=\"bbb-prijslijst-col\">\u20ac 4.200,-<\/td>\n<\/tr>\n<tr>\n<td>School 1<br \/>\n<i>ma. 10.00 &#8211; vr. 16.00<\/i><\/td>\n<td class=\"bbb-prijslijst-col\">\u20ac 4.200,-<\/td>\n<\/tr>\n<tr>\n<td>School 2<br \/>\n<i>zo. 20.00 &#8211; vr. 09.00<\/i><\/td>\n<td class=\"bbb-prijslijst-col\">\u20ac 4.200,-<\/td>\n<\/tr>\n<tr>\n<td>Week<br \/>\n<i>za. 10.00 &#8211; vr. 16.00<\/i><br \/>\n<i>ma. 10.00 &#8211; zo. 16.00<\/i><\/td>\n<td class=\"bbb-prijslijst-col\">\u20ac 6.700,-<\/td>\n<\/tr>\n<tr>\n<td><\/td>\n<td><\/td>\n<\/tr>\n<tr>\n<td>Dag 1<br \/>\n<i>ma., di., wo., do., zo.<\/i><\/td>\n<td class=\"bbb-prijslijst-col\">\u20ac 1.700,-<\/td>\n<\/tr>\n<tr>\n<td>Dag 2<br \/>\n<i>vr., za.<\/i><\/td>\n<td class=\"bbb-prijslijst-col\">\u20ac 1.995,-<\/td>\n<\/tr>\n<tr>\n<td><\/td>\n<td><\/td>\n<\/tr>\n<tr>\n<td>Extra dag<\/td>\n<td class=\"bbb-prijslijst-col\">\u20ac 1.000,-<\/td>\n<\/tr>\n<tr>\n<td>Extra nacht<\/td>\n<td class=\"bbb-prijslijst-col\">\u20ac 500,-<\/td>\n<\/tr>\n<tr>\n<td>Eindschoonmaak<\/td>\n<td class=\"bbb-prijslijst-col\">\u20ac 125,-<\/td>\n<\/tr>\n<tr>\n<td>Huur dekbed<\/td>\n<td class=\"bbb-prijslijst-col\">op aanvraag<\/td>\n<\/tr>\n<tr>\n<td>Huur handdoek<\/td>\n<td class=\"bbb-prijslijst-col\">\u20ac 5,-<\/td>\n<\/tr>\n<tr>\n<td><\/td>\n<td><\/td>\n<\/tr>\n<tr>\n<td><strong>Kortingsperiodes<\/strong><\/td>\n<td><\/td>\n<\/tr>\n<tr>\n<td>Jan-01 &#8211; Apr-15<\/td>\n<td class=\"bbb-prijslijst-col\">15 %<\/td>\n<\/tr>\n<tr>\n<td>Apr-16 &#8211; Apr-29<\/td>\n<td class=\"bbb-prijslijst-col\">10 %<\/td>\n<\/tr>\n<tr>\n<td>Sep-27 &#8211; Okt-17<\/td>\n<td class=\"bbb-prijslijst-col\">10 %<\/td>\n<\/tr>\n<tr>\n<td>Okt-18 &#8211; Dec-23<\/td>\n<td class=\"bbb-prijslijst-col\">15 %<\/td>\n<\/tr>\n<\/tbody>\n<\/table>\n<\/div>\n<\/div><\/div><div class=\"w-separator size_large\"><\/div><div class=\"w-message color_blue with_icon with_close\"><div class=\"w-message-icon\"><i class=\"fas fa-info-circle\"><\/i><\/div><div class=\"w-message-body\"><p>*De per persoon prijzen zijn gebaseerd op de <strong>maximale capaciteit<\/strong> van het schip.<\/p>\n<\/div><button class=\"w-message-close\" type=\"button\" aria-label=\"Schlie\u00dfen\"><\/button><\/div><div class=\"w-separator size_large\"><\/div><div class=\"wpb_text_column\"><div class=\"wpb_wrapper\"><h2>Mietpreise von der Boekanier sind incl:<\/h2>\n<ul>\n<li>\n<div id=\"tw-target-text-container\" class=\"tw-ta-container F0azHf tw-nfl\" tabindex=\"0\" role=\"text\">\n<pre id=\"tw-target-text\" class=\"tw-data-text tw-text-large tw-ta\" dir=\"ltr\" data-placeholder=\"Vertaling\" data-ved=\"2ahUKEwiP377mm-uKAxVo1AIHHaw5GxoQ3ewLegQIChAT\" aria-label=\"Vertaalde tekst: Zwei Besatzungsmitglieder Voll ausgestattete K\u00fcche Bettlaken, Kissen und Kissenbez\u00fcge Nutzung aller Extras an Bord Notwendiger Treibstoff, 1 Stunde Segeln = 50,00 \u20ac Hafen-, Br\u00fccken-, Schleusen- und Lotsengeb\u00fchren Kurtaxe *Preis exklusive Verwaltungskosten Endreinigung 150,00 \u20ac - Wochenendzuschlag 20,00 \u20ac \/ Maximale Kapazit\u00e4t: 28 Personen Preise pro Person. Die angegebenen Preise pro Person basieren auf der maximalen Kapazit\u00e4t des Schiffes. Preis unter der Woche. F\u00fcr Jugendgruppen gilt der genannte Midweek-Preis. F\u00fcr andere Gruppen wird ein Zuschlag von 10 % erhoben. Rabattzeitraum 01.01.-30.04. 10 % 22.09.-31.12. 10 % Stillig-Preis. Wenn Sie das Schiff im Stand nutzen, erhalten Sie 15 % Rabatt auf den Mietpreis. Verl\u00e4ngern Sie Ihren Segelt\u00f6rn. Es ist auch m\u00f6glich, Ihren Segelt\u00f6rn zu verl\u00e4ngern. Fordern Sie ein individuelles Angebot an. Anderer Abfahrtshafen. Es ist auch m\u00f6glich, einen anderen Abfahrtshafen als die Heimath\u00e4fen zu w\u00e4hlen. In diesem Fall m\u00fcssen Sie die berechnete Lieferzeit ber\u00fccksichtigen. Die Lieferkosten f\u00fcr die Ausr\u00fcstung von Schiffen f\u00fcr Mehrtagesfahrten betragen 60 \u20ac pro Stunde. Allgemeine Gesch\u00e4ftsbedingungen. F\u00fcr Ihre Buchung gelten die Allgemeinen Gesch\u00e4ftsbedingungen bbztcn. * Alle Angaben und Preise unterliegen \u00c4nderungen, Druckfehlern, unvorhergesehenen Umst\u00e4nden und besonderen Ereignissen.\"><span class=\"Y2IQFc\" lang=\"de\">Zwei Besatzungsmitglieder\r\nVoll ausgestattete K\u00fcche\r\nBettlaken, Kissen und Kissenbez\u00fcge\r\nNutzung aller Extras an Bord\r\nNotwendiger Treibstoff, 1 Stunde = 50,00 \u20ac\r\nHafen-, Br\u00fccken-, Schleusen- und Lotsengeb\u00fchren\r\nKurtaxe\r\n\r\n*Preis exklusive Verwaltungskosten\r\nEndreinigung 150,00 \u20ac - Wochenendzuschlag 20,00 \u20ac \/\r\n\r\n\r\nMaximale Kapazit\u00e4t: 26 (28) Personen\r\n\r\nPreise pro Person.\r\nDie angegebenen Preise pro Person basieren auf der maximalen Kapazit\u00e4t des Schiffes.\r\n\r\nPreis unter der Woche.\r\n\r\nF\u00fcr Jugendgruppen gilt der genannte Mittwoche-Preis.<\/span><\/pre>\n<pre class=\"tw-data-text tw-text-large tw-ta\" dir=\"ltr\" data-placeholder=\"Vertaling\" data-ved=\"2ahUKEwiP377mm-uKAxVo1AIHHaw5GxoQ3ewLegQIChAT\" aria-label=\"Vertaalde tekst: Zwei Besatzungsmitglieder Voll ausgestattete K\u00fcche Bettlaken, Kissen und Kissenbez\u00fcge Nutzung aller Extras an Bord Notwendiger Treibstoff, 1 Stunde Segeln = 50,00 \u20ac Hafen-, Br\u00fccken-, Schleusen- und Lotsengeb\u00fchren Kurtaxe *Preis exklusive Verwaltungskosten Endreinigung 150,00 \u20ac - Wochenendzuschlag 20,00 \u20ac \/ Maximale Kapazit\u00e4t: 28 Personen Preise pro Person. Die angegebenen Preise pro Person basieren auf der maximalen Kapazit\u00e4t des Schiffes. Preis unter der Woche. F\u00fcr Jugendgruppen gilt der genannte Midweek-Preis. F\u00fcr andere Gruppen wird ein Zuschlag von 10 % erhoben. Rabattzeitraum 01.01.-30.04. 10 % 22.09.-31.12. 10 % Stillig-Preis. Wenn Sie das Schiff im Stand nutzen, erhalten Sie 15 % Rabatt auf den Mietpreis. Verl\u00e4ngern Sie Ihren Segelt\u00f6rn. Es ist auch m\u00f6glich, Ihren Segelt\u00f6rn zu verl\u00e4ngern. Fordern Sie ein individuelles Angebot an. Anderer Abfahrtshafen. Es ist auch m\u00f6glich, einen anderen Abfahrtshafen als die Heimath\u00e4fen zu w\u00e4hlen. In diesem Fall m\u00fcssen Sie die berechnete Lieferzeit ber\u00fccksichtigen. Die Lieferkosten f\u00fcr die Ausr\u00fcstung von Schiffen f\u00fcr Mehrtagesfahrten betragen 60 \u20ac pro Stunde. Allgemeine Gesch\u00e4ftsbedingungen. F\u00fcr Ihre Buchung gelten die Allgemeinen Gesch\u00e4ftsbedingungen bbztcn. * Alle Angaben und Preise unterliegen \u00c4nderungen, Druckfehlern, unvorhergesehenen Umst\u00e4nden und besonderen Ereignissen.\"><span class=\"Y2IQFc\" lang=\"de\"> F\u00fcr andere Gruppen wird ein Zuschlag von 10 % erhoben.\r\n\r\n\r\n\t\r\n\t\r\n\r\nRabattzeitraum\t\t\r\n\r\n01.01.-30.04. 10 %\t\r\n22.09.-31.12. 10 %\t\r\n\r\nStilliege-Preis.\r\n\r\nWenn Sie das Schiff im Stand nutzen, erhalten Sie 15 % Rabatt auf den Mietpreis.\r\n\r\nVerl\u00e4ngern Sie Ihren Segelt\u00f6rn.\r\nEs ist auch m\u00f6glich, Ihren Segelt\u00f6rn zu verl\u00e4ngern. Fordern Sie ein individuelles Angebot an.\r\n\r\nAnderer Abfahrtshafen.\r\nEs ist auch m\u00f6glich, einen anderen Abfahrtshafen als die Heimath\u00e4fen zu w\u00e4hlen. In diesem Fall m\u00fcssen Sie die berechnete Lieferzeit ber\u00fccksichtigen. Die Lieferkosten f\u00fcr die Ausr\u00fcstung von Schiffen f\u00fcr Mehrtagesfahrten betragen 60 \u20ac pro Stunde.\r\n\r\nAllgemeine Gesch\u00e4ftsbedingungen.\r\nF\u00fcr Ihre Buchung gelten die Allgemeinen Gesch\u00e4ftsbedingungen bbz\/tcn und <a href=\"https:\/\/deboekanier.nl\/de\/allgemeine-geschaftsbedingungen\/\">VZR-Garant Reise\r\n<\/a>\r\n* Alle Angaben und Preise unterliegen \u00c4nderungen, Druckfehlern, unvorhergesehenen Umst\u00e4nden und besonderen Ereignissen.<\/span><\/pre>\n<\/div>\n<div id=\"tw-target-rmn-container\" class=\"tw-target-rmn tw-ta-container F0azHf tw-nfl\" tabindex=\"0\" role=\"text\">\n<pre id=\"tw-target-rmn\" class=\"tw-data-placeholder tw-text-small tw-ta\" dir=\"ltr\" data-placeholder=\"\"><\/pre>\n<\/div>\n<\/li>\n<\/ul>\n<\/div><\/div><div class=\"w-btn-wrapper align_none\"><a class=\"w-btn us-btn-style_4 us_custom_80a192e9 icon_atleft\" href=\"https:\/\/deboekanier.nl\/de\/informationen\/buchungen-klipper-boekanier\/\/#\"><i class=\"fas fa-arrow-circle-right\"><\/i><span class=\"w-btn-label\">Offerte aanvragen<\/span><\/a><\/div><\/div><\/div><\/div><div class=\"vc_col-sm-4 wpb_column vc_column_container\"><div class=\"vc_column-inner\"><div class=\"wpb_wrapper\"><div class=\"w-separator size_medium\"><\/div><div class=\"wpb_widgetised_column wpb_content_element\"><div class=\"wpb_wrapper\"><div id=\"us_contacts-2\" class=\"widget widget_us_contacts\"><h3 class=\"widgettitle\">Contact gegevens<\/h3><div class=\"w-contacts\"><div class=\"w-contacts-list\"><div class=\"w-contacts-item for_phone\"><span class=\"w-contacts-item-value\">06 - 53 922490<\/span><\/div><div class=\"w-contacts-item for_email\"><span class=\"w-contacts-item-value\"><a href=\"mailto:info@deboekanier.nl\">info@deboekanier.nl<\/a><\/span><\/div><\/div><\/div><\/div><\/div><\/div><div class=\"w-separator size_medium\"><\/div><div class=\"wpb_widgetised_column wpb_content_element\"><div class=\"wpb_wrapper\"><div id=\"search-9\" class=\"widget widget_search\"><h3 class=\"widgettitle\">facebook<\/h3><form role=\"search\" method=\"get\" class=\"search-form\" action=\"https:\/\/deboekanier.nl\/de\/\">\n\t\t\t\t<label>\n\t\t\t\t\t<span class=\"screen-reader-text\">Suche nach:<\/span>\n\t\t\t\t\t<input type=\"search\" class=\"search-field\" placeholder=\"Suchen\u00a0\u2026\" value=\"\" name=\"s\" \/>\n\t\t\t\t<\/label>\n\t\t\t\t<input type=\"submit\" class=\"search-submit\" value=\"Suchen\" \/>\n\t\t\t<\/form><\/div><\/div><\/div><div class=\"w-separator size_medium\"><\/div><div class=\"w-separator size_medium\"><\/div><div class=\"wpb_widgetised_column wpb_content_element\"><div class=\"wpb_wrapper\"><div id=\"cl-flipbox-2\" class=\"widget widget-cl-flipbox\"><div class=\"cl-flipbox animation_coveropen direction_w valign_top\" style=\"width:100%;\"><div class=\"cl-flipbox-h easing_ease\" style=\"-webkit-transition-duration:500ms;transition-duration:500ms;\"><div class=\"cl-flipbox-hh\"><div class=\"cl-flipbox-front\" style=\"padding:15%;border-color:#000000;background-image:url(&quot;https:\/\/deboekanier.nl\/wp-content\/uploads\/2013\/09\/IMG_0443-768x1024.jpg&quot;);\"><div class=\"cl-flipbox-front-h\"><h4 class=\"cl-flipbox-front-title\" style=\"color:#ffffff;\">Vakantie op de Boekanier<\/h4><p class=\"cl-flipbox-front-desc\" style=\"color:#ffffff;\">Bijzondere feestdagen<\/p><\/div><\/div><div class=\"cl-flipbox-back\" style=\"padding:15%;background-color:#00bfea;border-color:#000000;display:none;\"><div class=\"cl-flipbox-back-h\"><p class=\"cl-flipbox-back-desc\" style=\"color:#ffffff;\">Zeilen naar Terschelling tijdens de feestdagen...<\/p><a class=\"cl-btn\" style=\"color:#ffffff;background-color:#6dbcdb;\" href=\"https:\/\/deboekanier.nl\/zeilreizen\/zeilreizen-tijdens-feestdagen\/\" title=\"Zeilen met Oud en Nieuw 2025-Een beleving\"><span>LEES VERDER<\/span><\/a><\/div><\/div><\/div><\/div><\/div><\/div><\/div><\/div><\/div><\/div><\/div><\/div><\/div><\/section>\n","protected":false},"excerpt":{"rendered":"Mietpreise von der Boekanier PeriodeMietpreisp.p. Tagest\u00f6rn (8 Std.) Frei - Sa ( Max 45 pers.)\u20ac2160.00 Tagest\u00f6rn (8 Std.) So - Do Max. 45 Pers.\u20ac1900,00 Extra Nacht\u20ac500,00 Extra Tag\u20ac 1130.00 Kurzewochenende\u20ac3380,00 Wochenende\u20ac3750.00 Kurzwoche\/+Nacht Sch\u00fcler\u20ac5735,00 Kurzwoche\/Sch\u00fcler\u20ac5235.00 Woche\u20ac7870,00 Pfingst (3 Tage)\u20ac7700.00 Himmelfahrts (4 Tage)\u20ac8000.00 Ostern (3 Tage)\u20ac3500,00 Endreinigung\u20ac150,00 Bettdecken\u20ac15,00Incl. nur im Wochenende Handtuche\u20ac5,00 Prijslijst 2021 Kort weekend za....","protected":false},"author":1,"featured_media":0,"parent":249,"menu_order":0,"comment_status":"closed","ping_status":"closed","template":"","meta":{"_joinchat":[],"footnotes":""},"class_list":["post-2782","page","type-page","status-publish","hentry"],"_links":{"self":[{"href":"https:\/\/deboekanier.nl\/de\/wp-json\/wp\/v2\/pages\/2782","targetHints":{"allow":["GET"]}}],"collection":[{"href":"https:\/\/deboekanier.nl\/de\/wp-json\/wp\/v2\/pages"}],"about":[{"href":"https:\/\/deboekanier.nl\/de\/wp-json\/wp\/v2\/types\/page"}],"author":[{"embeddable":true,"href":"https:\/\/deboekanier.nl\/de\/wp-json\/wp\/v2\/users\/1"}],"replies":[{"embeddable":true,"href":"https:\/\/deboekanier.nl\/de\/wp-json\/wp\/v2\/comments?post=2782"}],"version-history":[{"count":11,"href":"https:\/\/deboekanier.nl\/de\/wp-json\/wp\/v2\/pages\/2782\/revisions"}],"predecessor-version":[{"id":9593,"href":"https:\/\/deboekanier.nl\/de\/wp-json\/wp\/v2\/pages\/2782\/revisions\/9593"}],"up":[{"embeddable":true,"href":"https:\/\/deboekanier.nl\/de\/wp-json\/wp\/v2\/pages\/249"}],"wp:attachment":[{"href":"https:\/\/deboekanier.nl\/de\/wp-json\/wp\/v2\/media?parent=2782"}],"curies":[{"name":"wp","href":"https:\/\/api.w.org\/{rel}","templated":true}]}}