{"id":2787,"date":"2012-11-24T11:36:05","date_gmt":"2012-11-24T10:36:05","guid":{"rendered":"http:\/\/www.deboekanier.nl\/?page_id=2787"},"modified":"2016-11-11T17:15:54","modified_gmt":"2016-11-11T16:15:54","slug":"segelreisen","status":"publish","type":"page","link":"https:\/\/deboekanier.nl\/de\/segelreisen\/","title":{"rendered":"Segelreisen"},"content":{"rendered":"<section class=\"l-section wpb_row height_medium\"><div class=\"l-section-h i-cf\"><div class=\"g-cols vc_row via_flex valign_top type_default stacking_default\"><div class=\"vc_col-sm-12 wpb_column vc_column_container\"><div class=\"vc_column-inner\"><div class=\"wpb_wrapper\"><div class=\"wpb_text_column\"><div class=\"wpb_wrapper\"><h2>Der Gast ist K\u00f6nig<\/h2>\n<p><strong>An Bord der Boekanier hat der Gast die M\u00f6glichkeit die Route und das Ziel zu bestimmen. Ferner die Zeit der Ankunft, sowie den Abfahrts- und Zielort. Es wird alles getan um den W\u00fcnschen der G\u00e4ste gerecht zu werden.<\/strong><\/p>\n<p>Auch ist es m\u00f6glich, dass das Schiff an einem Ort verbleibt, damit Sie dort bestimmte Aktivit\u00e4ten sowie Exkursionen durchf\u00fchren k\u00f6nnen.<\/p>\n<h3>M\u00f6glichkeiten<\/h3>\n<ul>\n<li>Tagestouren<\/li>\n<li>Wochenende<\/li>\n<li>Mehrtages-Segeltouren<\/li>\n<li>Hospitality<\/li>\n<li>Meetings<\/li>\n<li>Teambuildingdagen<\/li>\n<li>Betriebstraining<\/li>\n<li>Personalpartys<\/li>\n<li>Familienwoche<\/li>\n<li>Regattawochenende<\/li>\n<li>Indivduell zugeschnittene Aktivit\u00e4ten<\/li>\n<\/ul>\n<h3>Ijsselmeer<\/h3>\n<p>Beim Anlaufen der alten Seest\u00e4dte werden die alte Zeiten lebendig, aber auch ein Besuch der Bataviawerft in Leylstad geh\u00f6rt zu den M\u00f6glichkeiten. Zur Zeit wir die \u201eZeven Provonci\u00eb&#8220; rekonstruiert, das Flagschiff von Admiral Michiel de Ruyter.<\/p>\n<h3>Das Wattenmeer<\/h3>\n<p>Spannung und Entspannung gehen auf dem Wattenmeer Hand in Hand. Kommen wir auf eine Insel&#8230;. ? k\u00f6nnen wir trocken fallen und Wattlaufen&#8230;? Sehen wir Seehunde&#8230;? Sind die Gezeiten g\u00fcnstig&#8230;? Haben wir guten Wind&#8230;? Das Wattenmeer hat unglaublich viel zu bieten. Das Wattenmeer in den Niederlanden bietet den Segler ein einzigartiges Bild von der Unber\u00fchrtheit der Natur, die man heutzutage nur noch selten zu sehen bekommt.<\/p>\n<h3>Friesische Meere<\/h3>\n<p>Erleben Sie Friesland von seiner, vom Wasser aus gesehen, sch\u00f6nsten Seite. Fast alle D\u00f6rfer und St\u00e4dte sind auf dem Wasserweg erreichbar.<\/p>\n<p>&#8222;De Boekanier&#8220; ein Schiff mit einer reichen Vergangenheit<\/p>\n<p>Die Vergangenheit der Boekanier reicht zur\u00fcck bis ins Jahr 1901. Dort wurde sie auf der ber\u00fcmteWerft DANGERAAD in Woubrugge vom Stapel gelassen, und hat dann 89 Jahre lang unter verschiedenen Eignern, und durch viele St\u00fcrme ihren Dienst getan. 1990 haben die jetzigen Eigner, das Skipperehepaar Cecilia und Joop Bosshardt, das Schiff von Grund auf restauriert. Sie wurde an die heutigen Anspr\u00fcche der G\u00e4ste, sowie den Bestimmungen modernen Seefahrt angepasst, trotzdem bleibt der nostalgische Character vergangener Tage erhalten. Wenn Sie das Schiff betreten, empf\u00e4ngt Sie sofort der Flair l\u00e4ngst vergangener Zeiten. Die Boekanier wurde nach der neuen Schiffsklassifikation (CLAWA) mit drei Sternen ausgezeichnet.<\/p>\n<h3>Geniessen, Ruhe und Privatsph\u00e4re<\/h3>\n<p>Der Eigner der Boekanier, war mit der Entscheidung zweier- Kabinen zu bauen,seiner Zeit bereits weit voraus. Alle Kabinen haben Zentralheizung, viel Licht- und Frischluftzufuhr. Das Schiff ist komplett mit Bettzeug und Handt\u00fcchern ausgestattet. Einmalig ist die eigenwillige Sitzecke mit Bar und Zapfanlage. Das Schiff hat eine komplett ausgestattete K\u00fcche und einen ger\u00e4umigen und komfortabelen Salon. Alle diese Ausstattungen sorgen f\u00fcr ein gelungenes Ambiente an Bord der Boekanier.<\/p>\n<h3>Ambiente auf hohem Niveau<\/h3>\n<p>Ob man dem Alltagstrott enfliehen m\u00f6chte, oder in enspannter Atmosph\u00e4re mit einem guten Wein Gesch\u00e4fte machen will, die Boekanier ist sowohl privat als auch gesch\u00e4ftlich der Ort, um f\u00fcr einen Tag oder auch f\u00fcr l\u00e4ngere Zeit, alle Alltagssorgen und Stress hinter sich zu lassen. Viele Betriebe haben an Bord ihren Betriebsausflug, ihr Firmenjubil\u00e4um oder ein Firmen Meeting durchgef\u00fchrt. Ebenso besteht die M\u00f6glichkeit ein Barbecue auf der Insel Schiermonnigkoog oder ein Partyabend bei \u201e Hessel&#8220; auf der Insel Terschelling oder ein Besuch der Seehundaufzuchtstation bei Ecomare auf der Insel Texel zu machen, ebenso bietet sich die M\u00f6glichkeit &#8211; nach dem Trocken fallen lassen des Schiffes &#8211; einer Watt-wan-de-rung. Oder, ganz normal herrlich segelnd, vorbei an den pittoresken St\u00e4dchen des Ijsselmeeres.<\/p>\n<h3>Ein Familienfreundliches Schiff<\/h3>\n<p>Immer \u00f6fter entscheiden sich Familien mit Kindern, auf diesem Schiff ihren Urlaub zu verbringen. Die vielf\u00e4ltigen M\u00f6glichkeiten an Bord, z.B. Angeln, Wattwanderung, Schlauchboot fahren und vieles mehr. Ebenso die Sicherheit an Bord, z.B. erh\u00f6hte Reling, Kinderschwimmwesten best\u00e4rken diese Familien in ihrer Entscheidung.<\/p>\n<\/div><\/div><\/div><\/div><\/div><\/div><\/div><\/section>\n","protected":false},"excerpt":{"rendered":"Der Gast ist K\u00f6nig An Bord der Boekanier hat der Gast die M\u00f6glichkeit die Route und das Ziel zu bestimmen. Ferner die Zeit der Ankunft, sowie den Abfahrts- und Zielort. Es wird alles getan um den W\u00fcnschen der G\u00e4ste gerecht zu werden. Auch ist es m\u00f6glich, dass das Schiff an einem Ort verbleibt, damit Sie...","protected":false},"author":1,"featured_media":0,"parent":0,"menu_order":0,"comment_status":"closed","ping_status":"open","template":"","meta":{"_joinchat":[],"footnotes":""},"class_list":["post-2787","page","type-page","status-publish","hentry"],"_links":{"self":[{"href":"https:\/\/deboekanier.nl\/de\/wp-json\/wp\/v2\/pages\/2787","targetHints":{"allow":["GET"]}}],"collection":[{"href":"https:\/\/deboekanier.nl\/de\/wp-json\/wp\/v2\/pages"}],"about":[{"href":"https:\/\/deboekanier.nl\/de\/wp-json\/wp\/v2\/types\/page"}],"author":[{"embeddable":true,"href":"https:\/\/deboekanier.nl\/de\/wp-json\/wp\/v2\/users\/1"}],"replies":[{"embeddable":true,"href":"https:\/\/deboekanier.nl\/de\/wp-json\/wp\/v2\/comments?post=2787"}],"version-history":[{"count":4,"href":"https:\/\/deboekanier.nl\/de\/wp-json\/wp\/v2\/pages\/2787\/revisions"}],"predecessor-version":[{"id":2892,"href":"https:\/\/deboekanier.nl\/de\/wp-json\/wp\/v2\/pages\/2787\/revisions\/2892"}],"wp:attachment":[{"href":"https:\/\/deboekanier.nl\/de\/wp-json\/wp\/v2\/media?parent=2787"}],"curies":[{"name":"wp","href":"https:\/\/api.w.org\/{rel}","templated":true}]}}