{"id":280,"date":"2012-12-18T11:38:05","date_gmt":"2012-12-18T10:38:05","guid":{"rendered":"http:\/\/www.deboekanier.nl\/?page_id=280"},"modified":"2025-01-10T17:25:23","modified_gmt":"2025-01-10T16:25:23","slug":"280-2","status":"publish","type":"page","link":"https:\/\/deboekanier.nl\/de\/informationen\/280-2\/","title":{"rendered":"Catering"},"content":{"rendered":"<p>CC-Catering versorgt Sie auf Anfrage mit Qualit\u00e4tsmmahlzeiten an Bord.<br \/>\nMit einer grossen Auswahl von Buffets koennen Sie auch auf dem Wasser herrlich zubereitete Mahlzeiten geniessen.<br \/>\nHier finden Sie eine ausgezeichnete \u00dcbersicht \u00fcber die M\u00f6glichkeiten eines komplett ausgestatteten Tages oder Teil eines Tages.<br \/>\nSie k\u00f6nnen hier unter verschiedenen Mahlzeiten w\u00e4hlen, variierend von authentischen verschiedenen maritimen Mahlzeiten, bis zu einem festlichen Kaffeetisch oder verschiedene Wattenbuffets mit Spezialit\u00e4ten von den Wattenmeer Inseln. Haben Sie spezielle W\u00fcnsche, die nicht auf dieser Liste stehen, z.B. vegetarisch, lassen Sie es uns bitte wissen. Wir machen Ihnen gerne ein Angebot.<\/p>\n<p>Auf diese Seite k\u00f6nnen Sie eine wahl machen;<br \/>\n<a href=\"https:\/\/deboekanier.nl\/de\/portfolio\/catering\/\">https:\/\/deboekanier.nl\/de\/portfolio\/catering\/<\/a><\/p>\n<p>&nbsp;<\/p>\n<script>\nvar gform;gform||(document.addEventListener(\"gform_main_scripts_loaded\",function(){gform.scriptsLoaded=!0}),document.addEventListener(\"gform\/theme\/scripts_loaded\",function(){gform.themeScriptsLoaded=!0}),window.addEventListener(\"DOMContentLoaded\",function(){gform.domLoaded=!0}),gform={domLoaded:!1,scriptsLoaded:!1,themeScriptsLoaded:!1,isFormEditor:()=>\"function\"==typeof InitializeEditor,callIfLoaded:function(o){return!(!gform.domLoaded||!gform.scriptsLoaded||!gform.themeScriptsLoaded&&!gform.isFormEditor()||(gform.isFormEditor()&&console.warn(\"The use of gform.initializeOnLoaded() is deprecated in the form editor context and will be removed in Gravity Forms 3.1.\"),o(),0))},initializeOnLoaded:function(o){gform.callIfLoaded(o)||(document.addEventListener(\"gform_main_scripts_loaded\",()=>{gform.scriptsLoaded=!0,gform.callIfLoaded(o)}),document.addEventListener(\"gform\/theme\/scripts_loaded\",()=>{gform.themeScriptsLoaded=!0,gform.callIfLoaded(o)}),window.addEventListener(\"DOMContentLoaded\",()=>{gform.domLoaded=!0,gform.callIfLoaded(o)}))},hooks:{action:{},filter:{}},addAction:function(o,r,e,t){gform.addHook(\"action\",o,r,e,t)},addFilter:function(o,r,e,t){gform.addHook(\"filter\",o,r,e,t)},doAction:function(o){gform.doHook(\"action\",o,arguments)},applyFilters:function(o){return gform.doHook(\"filter\",o,arguments)},removeAction:function(o,r){gform.removeHook(\"action\",o,r)},removeFilter:function(o,r,e){gform.removeHook(\"filter\",o,r,e)},addHook:function(o,r,e,t,n){null==gform.hooks[o][r]&&(gform.hooks[o][r]=[]);var d=gform.hooks[o][r];null==n&&(n=r+\"_\"+d.length),gform.hooks[o][r].push({tag:n,callable:e,priority:t=null==t?10:t})},doHook:function(r,o,e){var t;if(e=Array.prototype.slice.call(e,1),null!=gform.hooks[r][o]&&((o=gform.hooks[r][o]).sort(function(o,r){return o.priority-r.priority}),o.forEach(function(o){\"function\"!=typeof(t=o.callable)&&(t=window[t]),\"action\"==r?t.apply(null,e):e[0]=t.apply(null,e)})),\"filter\"==r)return e[0]},removeHook:function(o,r,t,n){var e;null!=gform.hooks[o][r]&&(e=(e=gform.hooks[o][r]).filter(function(o,r,e){return!!(null!=n&&n!=o.tag||null!=t&&t!=o.priority)}),gform.hooks[o][r]=e)}});\n<\/script>\n\n                <div class='gf_browser_gecko gform_wrapper gform_legacy_markup_wrapper gform-theme--no-framework' data-form-theme='legacy' data-form-index='0' id='gform_wrapper_3' ><div id='gf_3' class='gform_anchor' tabindex='-1'><\/div>\n                        <div class='gform_heading'>\n                            <h3 class=\"gform_title\">Bestelformulier catering<\/h3>\n                            <p class='gform_description'>Velden met een * zijn verplicht.<\/p>\n                        <\/div><form method='post' enctype='multipart\/form-data' target='gform_ajax_frame_3' id='gform_3'  action='\/de\/wp-json\/wp\/v2\/pages\/280#gf_3' data-formid='3' novalidate>\t\t\t\t\t<div style=\"display: none !important;\" class=\"akismet-fields-container gf_invisible\" data-prefix=\"ak_\">\n\t\t\t\t\t\t<label>&#916;<textarea name=\"ak_hp_textarea\" cols=\"45\" rows=\"8\" maxlength=\"100\"><\/textarea><\/label>\n\t\t\t\t\t\t<input type=\"hidden\" id=\"ak_js_1\" name=\"ak_js\" value=\"72\" \/>\n\t\t\t\t\t\t<script>\ndocument.getElementById( \"ak_js_1\" ).setAttribute( \"value\", ( new Date() ).getTime() );\n<\/script>\n\n\t\t\t\t\t<\/div>\n                        <div class='gform-body gform_body'><ul id='gform_fields_3' class='gform_fields top_label form_sublabel_below description_below validation_below'><li id=\"field_3_1\" class=\"gfield gfield--type-checkbox gfield--type-choice field_sublabel_below gfield--no-description field_description_below field_validation_below gfield_visibility_visible\"  ><label class='gfield_label gform-field-label gfield_label_before_complex' >Aanvraag voor:<\/label><div class='ginput_container ginput_container_checkbox'><ul class='gfield_checkbox' id='input_3_1'><li class='gchoice gchoice_3_1_1'>\n\t\t\t\t\t\t\t\t<input class='gfield-choice-input' name='input_1.1' type='checkbox'  value='Brochure catering'  id='choice_3_1_1'   \/>\n\t\t\t\t\t\t\t\t<label for='choice_3_1_1' id='label_3_1_1' class='gform-field-label gform-field-label--type-inline'>Brochure catering<\/label>\n\t\t\t\t\t\t\t<\/li><li class='gchoice gchoice_3_1_2'>\n\t\t\t\t\t\t\t\t<input class='gfield-choice-input' name='input_1.2' type='checkbox'  value='Vrijblijvende offerte'  id='choice_3_1_2'   \/>\n\t\t\t\t\t\t\t\t<label for='choice_3_1_2' id='label_3_1_2' class='gform-field-label gform-field-label--type-inline'>Vrijblijvende offerte<\/label>\n\t\t\t\t\t\t\t<\/li><li class='gchoice gchoice_3_1_3'>\n\t\t\t\t\t\t\t\t<input class='gfield-choice-input' name='input_1.3' type='checkbox'  value='Buffetten'  id='choice_3_1_3'   \/>\n\t\t\t\t\t\t\t\t<label for='choice_3_1_3' id='label_3_1_3' class='gform-field-label gform-field-label--type-inline'>Buffetten<\/label>\n\t\t\t\t\t\t\t<\/li><li class='gchoice gchoice_3_1_4'>\n\t\t\t\t\t\t\t\t<input class='gfield-choice-input' name='input_1.4' type='checkbox'  value='Stoofgerechten'  id='choice_3_1_4'   \/>\n\t\t\t\t\t\t\t\t<label for='choice_3_1_4' id='label_3_1_4' class='gform-field-label gform-field-label--type-inline'>Stoofgerechten<\/label>\n\t\t\t\t\t\t\t<\/li><li class='gchoice gchoice_3_1_5'>\n\t\t\t\t\t\t\t\t<input class='gfield-choice-input' name='input_1.5' type='checkbox'  value='Salades en partyschotels'  id='choice_3_1_5'   \/>\n\t\t\t\t\t\t\t\t<label for='choice_3_1_5' id='label_3_1_5' class='gform-field-label gform-field-label--type-inline'>Salades en partyschotels<\/label>\n\t\t\t\t\t\t\t<\/li><\/ul><\/div><\/li><li id=\"field_3_2\" class=\"gfield gfield--type-textarea field_sublabel_below gfield--no-description field_description_below field_validation_below gfield_visibility_visible\"  ><label class='gfield_label gform-field-label' for='input_3_2'>Anders namelijk:<\/label><div class='ginput_container ginput_container_textarea'><textarea name='input_2' id='input_3_2' class='textarea medium'      aria-invalid=\"false\"   rows='10' cols='50'><\/textarea><\/div><\/li><li id=\"field_3_3\" class=\"gfield gfield--type-name gfield_contains_required field_sublabel_below gfield--no-description field_description_below field_validation_below gfield_visibility_visible\"  ><label class='gfield_label gform-field-label gfield_label_before_complex' >Naam<span class=\"gfield_required\"><span class=\"gfield_required gfield_required_asterisk\">*<\/span><\/span><\/label><div class='ginput_complex ginput_container ginput_container--name no_prefix has_first_name no_middle_name has_last_name no_suffix gf_name_has_2 ginput_container_name gform-grid-row' id='input_3_3'>\n                            <span id='input_3_3_3_container' class='name_first gform-grid-col' >\n                                                    <input type='text' name='input_3.3' id='input_3_3_3' value=''   aria-required='true'    \/>\n                                                    <label for='input_3_3_3' class='gform-field-label gform-field-label--type-sub '>Vorname<\/label>\n                                               <\/span>\n                            <span id='input_3_3_6_container' class='name_last gform-grid-col' >\n                                                    <input type='text' name='input_3.6' id='input_3_3_6' value=''   aria-required='true'    \/>\n                                                    <label for='input_3_3_6' class='gform-field-label gform-field-label--type-sub '>Nachname<\/label>\n                                                <\/span>\n                            <div class='gf_clear gf_clear_complex'><\/div>\n                        <\/div><\/li><li id=\"field_3_4\" class=\"gfield gfield--type-address gfield_contains_required field_sublabel_below gfield--no-description field_description_below field_validation_below gfield_visibility_visible\"  ><label class='gfield_label gform-field-label gfield_label_before_complex' >Adres<span class=\"gfield_required\"><span class=\"gfield_required gfield_required_asterisk\">*<\/span><\/span><\/label>    \n                    <div class='ginput_complex ginput_container has_street has_street2 has_city has_state has_zip has_country ginput_container_address gform-grid-row' id='input_3_4' >\n                         <span class='ginput_full address_line_1 ginput_address_line_1 gform-grid-col' id='input_3_4_1_container' >\n                                        <input type='text' name='input_4.1' id='input_3_4_1' value=''    aria-required='true'    \/>\n                                        <label for='input_3_4_1' id='input_3_4_1_label' class='gform-field-label gform-field-label--type-sub '>Anschrift<\/label>\n                                    <\/span><span class='ginput_left address_city ginput_address_city gform-grid-col' id='input_3_4_3_container' >\n                                    <input type='text' name='input_4.3' id='input_3_4_3' value=''    aria-required='true'    \/>\n                                    <label for='input_3_4_3' id='input_3_4_3_label' class='gform-field-label gform-field-label--type-sub '>Stadt<\/label>\n                                 <\/span><input type='hidden' class='gform_hidden' name='input_4.4' id='input_3_4_4' value=''\/><span class='ginput_right address_zip ginput_address_zip gform-grid-col' id='input_3_4_5_container' >\n                                    <input type='text' name='input_4.5' id='input_3_4_5' value=''    aria-required='true'    \/>\n                                    <label for='input_3_4_5' id='input_3_4_5_label' class='gform-field-label gform-field-label--type-sub '>PLZ<\/label>\n                                <\/span><input type='hidden' class='gform_hidden' name='input_4.6' id='input_3_4_6' value='' \/>\n                    <div class='gf_clear gf_clear_complex'><\/div>\n                <\/div><\/li><li id=\"field_3_5\" class=\"gfield gfield--type-phone gfield_contains_required field_sublabel_below gfield--no-description field_description_below field_validation_below gfield_visibility_visible\"  ><label class='gfield_label gform-field-label' for='input_3_5'>Telefoon<span class=\"gfield_required\"><span class=\"gfield_required gfield_required_asterisk\">*<\/span><\/span><\/label><div class='ginput_container ginput_container_phone'><input name='input_5' id='input_3_5' type='tel' value='' class='medium'   aria-required=\"true\" aria-invalid=\"false\"   \/><\/div><\/li><li id=\"field_3_7\" class=\"gfield gfield--type-email gfield_contains_required field_sublabel_below gfield--no-description field_description_below field_validation_below gfield_visibility_visible\"  ><label class='gfield_label gform-field-label' for='input_3_7'>E-mailadres<span class=\"gfield_required\"><span class=\"gfield_required gfield_required_asterisk\">*<\/span><\/span><\/label><div class='ginput_container ginput_container_email'>\n                            <input name='input_7' id='input_3_7' type='email' value='' class='medium'    aria-required=\"true\" aria-invalid=\"false\"  \/>\n                        <\/div><\/li><li id=\"field_3_8\" class=\"gfield gfield--type-text gfield_contains_required field_sublabel_below gfield--no-description field_description_below field_validation_below gfield_visibility_visible\"  ><label class='gfield_label gform-field-label' for='input_3_8'>Datum verzorging<span class=\"gfield_required\"><span class=\"gfield_required gfield_required_asterisk\">*<\/span><\/span><\/label><div class='ginput_container ginput_container_text'><input name='input_8' id='input_3_8' type='text' value='' class='medium'     aria-required=\"true\" aria-invalid=\"false\"   \/><\/div><\/li><li id=\"field_3_9\" class=\"gfield gfield--type-number gfield_contains_required field_sublabel_below gfield--no-description field_description_below field_validation_below gfield_visibility_visible\"  ><label class='gfield_label gform-field-label' for='input_3_9'>Aantal personen<span class=\"gfield_required\"><span class=\"gfield_required gfield_required_asterisk\">*<\/span><\/span><\/label><div class='ginput_container ginput_container_number'><input name='input_9' id='input_3_9' type='text' step='any'   value='' class='medium'     aria-required=\"true\" aria-invalid=\"false\"  \/><\/div><\/li><li id=\"field_3_10\" class=\"gfield gfield--type-checkbox gfield--type-choice gfield_contains_required field_sublabel_below gfield--no-description field_description_below field_validation_below gfield_visibility_visible\"  ><label class='gfield_label gform-field-label gfield_label_before_complex' >Verzorging<span class=\"gfield_required\"><span class=\"gfield_required gfield_required_asterisk\">*<\/span><\/span><\/label><div class='ginput_container ginput_container_checkbox'><ul class='gfield_checkbox' id='input_3_10'><li class='gchoice gchoice_3_10_1'>\n\t\t\t\t\t\t\t\t<input class='gfield-choice-input' name='input_10.1' type='checkbox'  value='Zelfservice'  id='choice_3_10_1'   \/>\n\t\t\t\t\t\t\t\t<label for='choice_3_10_1' id='label_3_10_1' class='gform-field-label gform-field-label--type-inline'>Zelfservice<\/label>\n\t\t\t\t\t\t\t<\/li><li class='gchoice gchoice_3_10_2'>\n\t\t\t\t\t\t\t\t<input class='gfield-choice-input' name='input_10.2' type='checkbox'  value='Volledig verzorgd'  id='choice_3_10_2'   \/>\n\t\t\t\t\t\t\t\t<label for='choice_3_10_2' id='label_3_10_2' class='gform-field-label gform-field-label--type-inline'>Volledig verzorgd<\/label>\n\t\t\t\t\t\t\t<\/li><\/ul><\/div><\/li><li id=\"field_3_11\" class=\"gfield gfield--type-textarea field_sublabel_below gfield--no-description field_description_below field_validation_below gfield_visibility_visible\"  ><label class='gfield_label gform-field-label' for='input_3_11'>Bijzonderheden<\/label><div class='ginput_container ginput_container_textarea'><textarea name='input_11' id='input_3_11' class='textarea medium'      aria-invalid=\"false\"   rows='10' cols='50'><\/textarea><\/div><\/li><li id=\"field_3_12\" class=\"gfield gfield--type-captcha field_sublabel_below gfield--no-description field_description_below field_validation_below gfield_visibility_visible\"  ><label class='gfield_label gform-field-label' for='input_3_12'>Captcha<\/label><div id='input_3_12' class='ginput_container ginput_recaptcha' data-sitekey='6LdeQXUUAAAAAIVDPUJM2PmtI5HJyoBImdN_De4Y'  data-theme='light' data-tabindex='0'  data-badge=''><\/div><\/li><\/ul><\/div>\n        <div class='gform-footer gform_footer top_label'> <input type='submit' id='gform_submit_button_3' class='gform_button button' onclick='gform.submission.handleButtonClick(this);' data-submission-type='submit' value='Verzenden'  \/> <input type='hidden' name='gform_ajax' value='form_id=3&amp;title=1&amp;description=1&amp;tabindex=0&amp;theme=legacy&amp;styles=[]&amp;hash=beac379452ab8ed6998e90fc2246fc23' \/>\n            <input type='hidden' class='gform_hidden' name='gform_submission_method' data-js='gform_submission_method_3' value='iframe' \/>\n            <input type='hidden' class='gform_hidden' name='gform_theme' data-js='gform_theme_3' id='gform_theme_3' value='legacy' \/>\n            <input type='hidden' class='gform_hidden' name='gform_style_settings' data-js='gform_style_settings_3' id='gform_style_settings_3' value='[]' \/>\n            <input type='hidden' class='gform_hidden' name='is_submit_3' value='1' \/>\n            <input type='hidden' class='gform_hidden' name='gform_submit' value='3' \/>\n            \n            <input type='hidden' class='gform_hidden' name='gform_currency' data-currency='EUR' value='ijMeTXCUdww91CKsaOXyDtgbuvC7msD7aSF24rJEAOiVRjfaFSyyNoInoh3AdDcIOXa1L8qQiF5iOlHoiVw27bpW+rHNbhfRWIbRHQI\/Y2wRa0c=' \/>\n            <input type='hidden' class='gform_hidden' name='gform_unique_id' value='' \/>\n            <input type='hidden' class='gform_hidden' name='state_3' value='WyJbXSIsIjQzZTUzNGJlZWRmYjEyNGM0MWZjMmRhYmJlY2ZkNWNiIl0=' \/>\n            <input type='hidden' autocomplete='off' class='gform_hidden' name='gform_target_page_number_3' id='gform_target_page_number_3' value='0' \/>\n            <input type='hidden' autocomplete='off' class='gform_hidden' name='gform_source_page_number_3' id='gform_source_page_number_3' value='1' \/>\n            <input type='hidden' name='gform_field_values' value='' \/>\n            \n        <\/div>\n                        <\/form>\n                        <\/div>\n\t\t                <iframe style='display:none;width:0px;height:0px;' src='about:blank' name='gform_ajax_frame_3' id='gform_ajax_frame_3' title='Dieser iframe enth\u00e4lt die erforderliche Logik um Gravity Forms Formulare mit AJAX zu handhaben.'><\/iframe>\n\t\t                <script>\ngform.initializeOnLoaded( function() {gformInitSpinner( 3, 'https:\/\/deboekanier.nl\/wp-content\/plugins\/gravityforms\/images\/spinner.svg', true );jQuery('#gform_ajax_frame_3').on('load',function(){var contents = jQuery(this).contents().find('*').html();var is_postback = contents.indexOf('GF_AJAX_POSTBACK') >= 0;if(!is_postback){return;}var form_content = jQuery(this).contents().find('#gform_wrapper_3');var is_confirmation = jQuery(this).contents().find('#gform_confirmation_wrapper_3').length > 0;var is_redirect = contents.indexOf('gformRedirect(){') >= 0;var is_form = form_content.length > 0 && ! is_redirect && ! is_confirmation;var mt = parseInt(jQuery('html').css('margin-top'), 10) + parseInt(jQuery('body').css('margin-top'), 10) + 100;if(is_form){jQuery('#gform_wrapper_3').html(form_content.html());if(form_content.hasClass('gform_validation_error')){jQuery('#gform_wrapper_3').addClass('gform_validation_error');} else {jQuery('#gform_wrapper_3').removeClass('gform_validation_error');}setTimeout( function() { \/* delay the scroll by 50 milliseconds to fix a bug in chrome *\/ jQuery(document).scrollTop(jQuery('#gform_wrapper_3').offset().top - mt); }, 50 );if(window['gformInitDatepicker']) {gformInitDatepicker();}if(window['gformInitPriceFields']) {gformInitPriceFields();}var current_page = jQuery('#gform_source_page_number_3').val();gformInitSpinner( 3, 'https:\/\/deboekanier.nl\/wp-content\/plugins\/gravityforms\/images\/spinner.svg', true );jQuery(document).trigger('gform_page_loaded', [3, current_page]);window['gf_submitting_3'] = false;}else if(!is_redirect){var confirmation_content = jQuery(this).contents().find('.GF_AJAX_POSTBACK').html();if(!confirmation_content){confirmation_content = contents;}jQuery('#gform_wrapper_3').replaceWith(confirmation_content);jQuery(document).scrollTop(jQuery('#gf_3').offset().top - mt);jQuery(document).trigger('gform_confirmation_loaded', [3]);window['gf_submitting_3'] = false;wp.a11y.speak(jQuery('#gform_confirmation_message_3').text());}else{jQuery('#gform_3').append(contents);if(window['gformRedirect']) {gformRedirect();}}jQuery(document).trigger(\"gform_pre_post_render\", [{ formId: \"3\", currentPage: \"current_page\", abort: function() { this.preventDefault(); } }]);        if (event && event.defaultPrevented) {                return;        }        const gformWrapperDiv = document.getElementById( \"gform_wrapper_3\" );        if ( gformWrapperDiv ) {            const visibilitySpan = document.createElement( \"span\" );            visibilitySpan.id = \"gform_visibility_test_3\";            gformWrapperDiv.insertAdjacentElement( \"afterend\", visibilitySpan );        }        const visibilityTestDiv = document.getElementById( \"gform_visibility_test_3\" );        let postRenderFired = false;        function triggerPostRender() {            if ( postRenderFired ) {                return;            }            postRenderFired = true;            gform.core.triggerPostRenderEvents( 3, current_page );            if ( visibilityTestDiv ) {                visibilityTestDiv.parentNode.removeChild( visibilityTestDiv );            }        }        function debounce( func, wait, immediate ) {            var timeout;            return function() {                var context = this, args = arguments;                var later = function() {                    timeout = null;                    if ( !immediate ) func.apply( context, args );                };                var callNow = immediate && !timeout;                clearTimeout( timeout );                timeout = setTimeout( later, wait );                if ( callNow ) func.apply( context, args );            };        }        const debouncedTriggerPostRender = debounce( function() {            triggerPostRender();        }, 200 );        if ( visibilityTestDiv && visibilityTestDiv.offsetParent === null ) {            const observer = new MutationObserver( ( mutations ) => {                mutations.forEach( ( mutation ) => {                    if ( mutation.type === 'attributes' && visibilityTestDiv.offsetParent !== null ) {                        debouncedTriggerPostRender();                        observer.disconnect();                    }                });            });            observer.observe( document.body, {                attributes: true,                childList: false,                subtree: true,                attributeFilter: [ 'style', 'class' ],            });        } else {            triggerPostRender();        }    } );} );\n<\/script>\n\n","protected":false},"excerpt":{"rendered":"<p>CC-Catering versorgt Sie auf Anfrage mit Qualit\u00e4tsmmahlzeiten an Bord. Mit einer grossen Auswahl von Buffets koennen Sie auch auf dem Wasser herrlich zubereitete Mahlzeiten geniessen. Hier finden Sie eine ausgezeichnete \u00dcbersicht \u00fcber die M\u00f6glichkeiten eines komplett ausgestatteten Tages oder Teil eines Tages. Sie k\u00f6nnen hier unter verschiedenen Mahlzeiten w\u00e4hlen, variierend von authentischen verschiedenen maritimen Mahlzeiten,&#8230;<\/p>\n","protected":false},"author":1,"featured_media":0,"parent":249,"menu_order":0,"comment_status":"closed","ping_status":"open","template":"","meta":{"_joinchat":[],"footnotes":""},"class_list":["post-280","page","type-page","status-publish","hentry"],"_links":{"self":[{"href":"https:\/\/deboekanier.nl\/de\/wp-json\/wp\/v2\/pages\/280","targetHints":{"allow":["GET"]}}],"collection":[{"href":"https:\/\/deboekanier.nl\/de\/wp-json\/wp\/v2\/pages"}],"about":[{"href":"https:\/\/deboekanier.nl\/de\/wp-json\/wp\/v2\/types\/page"}],"author":[{"embeddable":true,"href":"https:\/\/deboekanier.nl\/de\/wp-json\/wp\/v2\/users\/1"}],"replies":[{"embeddable":true,"href":"https:\/\/deboekanier.nl\/de\/wp-json\/wp\/v2\/comments?post=280"}],"version-history":[{"count":6,"href":"https:\/\/deboekanier.nl\/de\/wp-json\/wp\/v2\/pages\/280\/revisions"}],"predecessor-version":[{"id":9398,"href":"https:\/\/deboekanier.nl\/de\/wp-json\/wp\/v2\/pages\/280\/revisions\/9398"}],"up":[{"embeddable":true,"href":"https:\/\/deboekanier.nl\/de\/wp-json\/wp\/v2\/pages\/249"}],"wp:attachment":[{"href":"https:\/\/deboekanier.nl\/de\/wp-json\/wp\/v2\/media?parent=280"}],"curies":[{"name":"wp","href":"https:\/\/api.w.org\/{rel}","templated":true}]}}