{"id":288,"date":"2012-12-18T11:42:53","date_gmt":"2012-12-18T10:42:53","guid":{"rendered":"http:\/\/www.deboekanier.nl\/?page_id=288"},"modified":"2013-11-07T11:52:16","modified_gmt":"2013-11-07T09:52:16","slug":"individualen-reise","status":"publish","type":"page","link":"https:\/\/deboekanier.nl\/de\/individualen-reise\/","title":{"rendered":"Individualen Reise 2014"},"content":{"rendered":"<p>Individualen Reise oder Koje-Reise<\/p>\n<p>Charten Sie die Boekanier f\u00fcr 7 Tage \u2013 als Familie oder auch einzelne Person<\/p>\n<p>Nach dem Erfolg im vergangenen Jahr, bieten wir Ihnen auch wieder eine besondere, individuelle Reise f\u00fcr Sie als Einzelperson oder f\u00fcr Sie zusammen mit Ihrer Familie  an.<br \/>\nHallo Segelfreunde,<br \/>\nwir haben eine weitere Inseltour  organisiert. Der Start erfolgt von Makkum zu den Inseln Texel, Vlieland, Terschelling, Ameland und  Schiermonnikoog. Zur Ebbezeit fallen wir trocken auf einer Sandbank f\u00fcr ein k\u00f6stliches Barbecue im Watt \u2026 hier ist f\u00fcr jeden was dabei\u2026<br \/>\nDie Dauer der Reise betr\u00e4gt 7 Tage; <\/p>\n<p>Preis:<br \/>\n\u20ac 45,00 pro Person pro Tag (ohne Essen und Getr\u00e4nke, \u20ac 125,00 p.p.p.w)<\/p>\n<p>Komm mit und entdecken Sie das Geheimnis der \u201cBoekanier\u201d. Segeln ist eine fantastische Gelegenheit f\u00fcr jedermann um bekannte oder auch unbekannte Menschen in einer besonderen Umgebung zu treffen, Beziehungen zu vertiefen oder auch neu zu kn\u00fcpfen z.B. durch die gemeinsame sportliche Bet\u00e4tigung aber auch durch blo\u00dfes geselligen Zusammensein. Segeln bringt Sie zur\u00fcck zu den Dingen, die wirklich wichtig sind. Ein wenig Wind wirkt oft Wunderbar \u2026<br \/>\nSegeln mit der Boekanier bietet Ihnen modernen Luxus und Komfort in einer nautischen Atmosph\u00e4re vergangener Zeiten und so f\u00fcr alle ein tolles Erlebnis. Unsere Gesch\u00e4fte betreiben wir vom Wattenmeer, IJsselmeer und von Friesland aus. Wir haben viele Jahre Erfahrungen gesammelt und so sind nat\u00fcrlich in der Lage Ihnen die sch\u00f6nsten Ecken unseres Handels zu zeigen.<br \/>\nAn Bord des atmosph\u00e4rischen Clippers Boekanier bieten wir Ihnen einen unbeschwerten, erholsamen Segelt\u00f6rn auf dem Wattenmeer und IJsselmeer zu den malerischen Hafenst\u00e4dten oder zu einer der vielen sch\u00f6nen Inseln der Niederlande. W\u00e4hrend der Tour besteht die M\u00f6glichkeit, sich \u2013 nat\u00fcrlich unterst\u00fctzt von der Segelcrew \u2013 aktiv am Segeln zu beteiligen.<\/p>\n<p>Zeitplan:<br \/>\nSamstag 10.00 Uhr:<br \/>\nBoarding; der Kapit\u00e4n und die Matrosen stellen sich vor und zeigen Ihnen den Weg auf das Schiff. Sie k\u00f6nnen die erste Nacht an Bord gesellig in der gem\u00fctlichen Lounge verbringen oder eine der zahlreichen Unterhaltungsm\u00f6glichkeiten in Makkum besuchen. Es ist aber auch m\u00f6glich bereits in der ersten Nacht mit dem Segeln zu beginnen und f\u00fcr eine romantische Nacht im Ijsselmeer festzumachen.<br \/>\nNach dem Kaffee folgt die Segelbesprechung, die Segel werden gehisst und los geht es. Die Fahrtroute wird bestimmt durch den Wind und die Gezeiten. Sie k\u00f6nnen nun aktiv beim Segeln mitwirken oder sich entspannen und das Wasser und die Sch\u00f6nheit genie\u00dfen oder aber sich selbstverst\u00e4ndlich auch einfach zur Ruhe zur\u00fcckziehen. Angedacht sind die Inseln Texel, Vlieland oder Terschelling. Bei sch\u00f6nem Wetter k\u00f6nnen wir aber auch auf eine Sandbank segeln. Man kann an Land gehen und eine Tour mit der Mannschaft machen. Frisch gefangene Garnelen k\u00f6nnen direkt an Bord gekocht, gemeinsam gesch\u00e4lt und mit einer k\u00f6stlichen Sauce gegessen werden.<br \/>\nAuf einer der Inseln angekommen, bekommen Sie hier reichlich Gelegenheit, den Strand zu genie\u00dfen oder eine Fahrradtour durch die D\u00fcnen machen.<br \/>\nAm Abend wird Ihnen ein ausgedehntes Abendessen serviert. Nach dem Abendessen k\u00f6nnen Sie einen Spaziergang auf der Insel machen oder in einem der Restaurants und oder einer der Bars z.B. den fantastischen Sonnenuntergang beobachten.<br \/>\nDie Dauer der Reise betr\u00e4gt 7 Tage; Preis:<br \/>\n\u20ac 45,00 pro Person pro Tag ohne Essen und Getr\u00e4nke,<br \/>\n(\u20ac 125,00 Aufschlag f\u00fcr Essen und Getr\u00e4nke p.p.p.w.)<br \/>\nDie Boekanier ist ein Drei-Sterne-Schiff mit Platz f\u00fcr 26 bis 28 G\u00e4ste. Das Schiff ist nach dem Standard der Clawa eingestuft worden; dieses System vergibt 1 bis 5 Sterne. Dar\u00fcber hinaus besteht eine All-Risk-Versicherung und f\u00fcr die Besatzung des Schiffes eine Haftpflichtversicherung. Au\u00dferdem hat das Schiff ein g\u00fcltiges Sicherheitszertifikat des niederl\u00e4ndischen Registers (unter der Schirmherrschaft der scheepvaartinspectie). Zu Ihrer Sicherheit an Bord dienen auch Radio, Telefon, Kompass, Echolot, GPS, digitalen Karten, genehmigte Rettungswesten f\u00fcr Erwachsene und Kinder, Rettungsringe, Notsignale, Rauchmelder, Erste-Hilfe-Kit und nat\u00fcrlich unsere erfahrene 2 Crew.<\/p>\n<script>\nvar gform;gform||(document.addEventListener(\"gform_main_scripts_loaded\",function(){gform.scriptsLoaded=!0}),document.addEventListener(\"gform\/theme\/scripts_loaded\",function(){gform.themeScriptsLoaded=!0}),window.addEventListener(\"DOMContentLoaded\",function(){gform.domLoaded=!0}),gform={domLoaded:!1,scriptsLoaded:!1,themeScriptsLoaded:!1,isFormEditor:()=>\"function\"==typeof InitializeEditor,callIfLoaded:function(o){return!(!gform.domLoaded||!gform.scriptsLoaded||!gform.themeScriptsLoaded&&!gform.isFormEditor()||(gform.isFormEditor()&&console.warn(\"The use of gform.initializeOnLoaded() is deprecated in the form editor context and will be removed in Gravity Forms 3.1.\"),o(),0))},initializeOnLoaded:function(o){gform.callIfLoaded(o)||(document.addEventListener(\"gform_main_scripts_loaded\",()=>{gform.scriptsLoaded=!0,gform.callIfLoaded(o)}),document.addEventListener(\"gform\/theme\/scripts_loaded\",()=>{gform.themeScriptsLoaded=!0,gform.callIfLoaded(o)}),window.addEventListener(\"DOMContentLoaded\",()=>{gform.domLoaded=!0,gform.callIfLoaded(o)}))},hooks:{action:{},filter:{}},addAction:function(o,r,e,t){gform.addHook(\"action\",o,r,e,t)},addFilter:function(o,r,e,t){gform.addHook(\"filter\",o,r,e,t)},doAction:function(o){gform.doHook(\"action\",o,arguments)},applyFilters:function(o){return gform.doHook(\"filter\",o,arguments)},removeAction:function(o,r){gform.removeHook(\"action\",o,r)},removeFilter:function(o,r,e){gform.removeHook(\"filter\",o,r,e)},addHook:function(o,r,e,t,n){null==gform.hooks[o][r]&&(gform.hooks[o][r]=[]);var d=gform.hooks[o][r];null==n&&(n=r+\"_\"+d.length),gform.hooks[o][r].push({tag:n,callable:e,priority:t=null==t?10:t})},doHook:function(r,o,e){var t;if(e=Array.prototype.slice.call(e,1),null!=gform.hooks[r][o]&&((o=gform.hooks[r][o]).sort(function(o,r){return o.priority-r.priority}),o.forEach(function(o){\"function\"!=typeof(t=o.callable)&&(t=window[t]),\"action\"==r?t.apply(null,e):e[0]=t.apply(null,e)})),\"filter\"==r)return e[0]},removeHook:function(o,r,t,n){var e;null!=gform.hooks[o][r]&&(e=(e=gform.hooks[o][r]).filter(function(o,r,e){return!!(null!=n&&n!=o.tag||null!=t&&t!=o.priority)}),gform.hooks[o][r]=e)}});\n<\/script>\n\n                <div class='gf_browser_gecko gform_wrapper gform_legacy_markup_wrapper gform-theme--no-framework' data-form-theme='legacy' data-form-index='0' id='gform_wrapper_1' >\n                        <div class='gform_heading'>\n                            <h3 class=\"gform_title\">Contact formulier<\/h3>\n                            <p class='gform_description'>Wij kunnen ook contact met u opnemen. Vul het onderstaande formulier in en wij nemen zo snel mogelijk contact met u op. \r\nVelden met een * zijn verplicht.<\/p>\n                        <\/div><form method='post' enctype='multipart\/form-data'  id='gform_1'  action='\/de\/wp-json\/wp\/v2\/pages\/288' data-formid='1' novalidate>\t\t\t\t\t<div style=\"display: none !important;\" class=\"akismet-fields-container gf_invisible\" data-prefix=\"ak_\">\n\t\t\t\t\t\t<label>&#916;<textarea name=\"ak_hp_textarea\" cols=\"45\" rows=\"8\" maxlength=\"100\"><\/textarea><\/label>\n\t\t\t\t\t\t<input type=\"hidden\" id=\"ak_js_1\" name=\"ak_js\" value=\"164\" \/>\n\t\t\t\t\t\t<script>\ndocument.getElementById( \"ak_js_1\" ).setAttribute( \"value\", ( new Date() ).getTime() );\n<\/script>\n\n\t\t\t\t\t<\/div>\n                        <div class='gform-body gform_body'><ul id='gform_fields_1' class='gform_fields top_label form_sublabel_below description_below validation_below'><li id=\"field_1_6\" class=\"gfield gfield--type-honeypot gform_validation_container field_sublabel_below gfield--has-description field_description_below field_validation_below gfield_visibility_visible\"  ><label class='gfield_label gform-field-label' for='input_1_6'>Company<\/label><div class='ginput_container'><input name='input_6' id='input_1_6' type='text' value='' autocomplete='new-password'\/><\/div><div class='gfield_description' id='gfield_description_1_6'>Dieses Feld dient zur Validierung und sollte nicht ver\u00e4ndert werden.<\/div><\/li><li id=\"field_1_1\" class=\"gfield gfield--type-name gfield--input-type-name gfield_contains_required field_sublabel_below gfield--no-description field_description_below field_validation_below gfield_visibility_visible\"  ><label class='gfield_label gform-field-label gfield_label_before_complex' >Uw naam<span class=\"gfield_required\"><span class=\"gfield_required gfield_required_asterisk\">*<\/span><\/span><\/label><div class='ginput_complex ginput_container ginput_container--name no_prefix has_first_name no_middle_name has_last_name no_suffix gf_name_has_2 ginput_container_name gform-grid-row' id='input_1_1'>\n                            \n                            <span id='input_1_1_3_container' class='name_first gform-grid-col gform-grid-col--size-auto' >\n                                                    <input type='text' name='input_1.3' id='input_1_1_3' value=''   aria-required='true'     \/>\n                                                    <label for='input_1_1_3' class='gform-field-label gform-field-label--type-sub '>Vorname<\/label>\n                                                <\/span>\n                            \n                            <span id='input_1_1_6_container' class='name_last gform-grid-col gform-grid-col--size-auto' >\n                                                    <input type='text' name='input_1.6' id='input_1_1_6' value=''   aria-required='true'     \/>\n                                                    <label for='input_1_1_6' class='gform-field-label gform-field-label--type-sub '>Nachname<\/label>\n                                                <\/span>\n                            \n                        <\/div><\/li><li id=\"field_1_2\" class=\"gfield gfield--type-email gfield--input-type-email gfield_contains_required field_sublabel_below gfield--no-description field_description_below field_validation_below gfield_visibility_visible\"  ><label class='gfield_label gform-field-label' for='input_1_2'>Uw e-mailadres<span class=\"gfield_required\"><span class=\"gfield_required gfield_required_asterisk\">*<\/span><\/span><\/label><div class='ginput_container ginput_container_email'>\n                            <input name='input_2' id='input_1_2' type='email' value='' class='medium'    aria-required=\"true\" aria-invalid=\"false\"  \/>\n                        <\/div><\/li><li id=\"field_1_3\" class=\"gfield gfield--type-phone gfield--input-type-phone gfield_contains_required field_sublabel_below gfield--no-description field_description_below field_validation_below gfield_visibility_visible\"  ><label class='gfield_label gform-field-label' for='input_1_3'>Telefoon<span class=\"gfield_required\"><span class=\"gfield_required gfield_required_asterisk\">*<\/span><\/span><\/label><div class='ginput_container ginput_container_phone'><input name='input_3' id='input_1_3' type='tel' value='' class='medium'   aria-required=\"true\" aria-invalid=\"false\"   \/><\/div><\/li><li id=\"field_1_4\" class=\"gfield gfield--type-textarea gfield--input-type-textarea gfield_contains_required field_sublabel_below gfield--no-description field_description_below field_validation_below gfield_visibility_visible\"  ><label class='gfield_label gform-field-label' for='input_1_4'>Uw bericht<span class=\"gfield_required\"><span class=\"gfield_required gfield_required_asterisk\">*<\/span><\/span><\/label><div class='ginput_container ginput_container_textarea'><textarea name='input_4' id='input_1_4' class='textarea medium'     aria-required=\"true\" aria-invalid=\"false\"   rows='10' cols='50'><\/textarea><\/div><\/li><li id=\"field_1_5\" class=\"gfield gfield--type-captcha gfield--input-type-captcha field_sublabel_below gfield--no-description field_description_below field_validation_below gfield_visibility_visible\"  ><label class='gfield_label gform-field-label' for='input_1_5'>Bent u een robot?<\/label><div id='input_1_5' class='ginput_container ginput_recaptcha' data-sitekey='6LdeQXUUAAAAAIVDPUJM2PmtI5HJyoBImdN_De4Y'  data-theme='light' data-tabindex='0'  data-badge=''><\/div><\/li><\/ul><\/div>\n        <div class='gform-footer gform_footer top_label'> <input type='submit' id='gform_submit_button_1' class='gform_button button' onclick='gform.submission.handleButtonClick(this);' data-submission-type='submit' value='Verzenden'  \/> \n            <input type='hidden' class='gform_hidden' name='gform_submission_method' data-js='gform_submission_method_1' value='postback' \/>\n            <input type='hidden' class='gform_hidden' name='gform_theme' data-js='gform_theme_1' id='gform_theme_1' value='legacy' \/>\n            <input type='hidden' class='gform_hidden' name='gform_style_settings' data-js='gform_style_settings_1' id='gform_style_settings_1' value='[]' \/>\n            <input type='hidden' class='gform_hidden' name='is_submit_1' value='1' \/>\n            <input type='hidden' class='gform_hidden' name='gform_submit' value='1' \/>\n            \n            <input type='hidden' class='gform_hidden' name='gform_currency' data-currency='EUR' value='1x3w\/AdzMTHHC\/O0ySoy\/KbZW5ToOySWag4YSY7vVJqJWxZx8TtbRr6J7SkHTBYJm2GL7GLYbnWWzpLBSd1rjfNZrqrrPNzWRPprTwyORuxOHEA=' \/>\n            <input type='hidden' class='gform_hidden' name='gform_unique_id' value='' \/>\n            <input type='hidden' class='gform_hidden' name='state_1' value='WyJbXSIsIjQzZTUzNGJlZWRmYjEyNGM0MWZjMmRhYmJlY2ZkNWNiIl0=' \/>\n            <input type='hidden' autocomplete='off' class='gform_hidden' name='gform_target_page_number_1' id='gform_target_page_number_1' value='0' \/>\n            <input type='hidden' autocomplete='off' class='gform_hidden' name='gform_source_page_number_1' id='gform_source_page_number_1' value='1' \/>\n            <input type='hidden' name='gform_field_values' value='' \/>\n            \n        <\/div>\n                        <\/form>\n                        <\/div><script>\ngform.initializeOnLoaded( function() {gformInitSpinner( 1, 'https:\/\/deboekanier.nl\/wp-content\/plugins\/gravityforms\/images\/spinner.svg', true );jQuery('#gform_ajax_frame_1').on('load',function(){var contents = jQuery(this).contents().find('*').html();var is_postback = contents.indexOf('GF_AJAX_POSTBACK') >= 0;if(!is_postback){return;}var form_content = jQuery(this).contents().find('#gform_wrapper_1');var is_confirmation = jQuery(this).contents().find('#gform_confirmation_wrapper_1').length > 0;var is_redirect = contents.indexOf('gformRedirect(){') >= 0;var is_form = form_content.length > 0 && ! is_redirect && ! is_confirmation;var mt = parseInt(jQuery('html').css('margin-top'), 10) + parseInt(jQuery('body').css('margin-top'), 10) + 100;if(is_form){jQuery('#gform_wrapper_1').html(form_content.html());if(form_content.hasClass('gform_validation_error')){jQuery('#gform_wrapper_1').addClass('gform_validation_error');} else {jQuery('#gform_wrapper_1').removeClass('gform_validation_error');}setTimeout( function() { \/* delay the scroll by 50 milliseconds to fix a bug in chrome *\/  }, 50 );if(window['gformInitDatepicker']) {gformInitDatepicker();}if(window['gformInitPriceFields']) {gformInitPriceFields();}var current_page = jQuery('#gform_source_page_number_1').val();gformInitSpinner( 1, 'https:\/\/deboekanier.nl\/wp-content\/plugins\/gravityforms\/images\/spinner.svg', true );jQuery(document).trigger('gform_page_loaded', [1, current_page]);window['gf_submitting_1'] = false;}else if(!is_redirect){var confirmation_content = jQuery(this).contents().find('.GF_AJAX_POSTBACK').html();if(!confirmation_content){confirmation_content = contents;}jQuery('#gform_wrapper_1').replaceWith(confirmation_content);jQuery(document).trigger('gform_confirmation_loaded', [1]);window['gf_submitting_1'] = false;wp.a11y.speak(jQuery('#gform_confirmation_message_1').text());}else{jQuery('#gform_1').append(contents);if(window['gformRedirect']) {gformRedirect();}}jQuery(document).trigger(\"gform_pre_post_render\", [{ formId: \"1\", currentPage: \"current_page\", abort: function() { this.preventDefault(); } }]);        if (event && event.defaultPrevented) {                return;        }        const gformWrapperDiv = document.getElementById( \"gform_wrapper_1\" );        if ( gformWrapperDiv ) {            const visibilitySpan = document.createElement( \"span\" );            visibilitySpan.id = \"gform_visibility_test_1\";            gformWrapperDiv.insertAdjacentElement( \"afterend\", visibilitySpan );        }        const visibilityTestDiv = document.getElementById( \"gform_visibility_test_1\" );        let postRenderFired = false;        function triggerPostRender() {            if ( postRenderFired ) {                return;            }            postRenderFired = true;            gform.core.triggerPostRenderEvents( 1, current_page );            if ( visibilityTestDiv ) {                visibilityTestDiv.parentNode.removeChild( visibilityTestDiv );            }        }        function debounce( func, wait, immediate ) {            var timeout;            return function() {                var context = this, args = arguments;                var later = function() {                    timeout = null;                    if ( !immediate ) func.apply( context, args );                };                var callNow = immediate && !timeout;                clearTimeout( timeout );                timeout = setTimeout( later, wait );                if ( callNow ) func.apply( context, args );            };        }        const debouncedTriggerPostRender = debounce( function() {            triggerPostRender();        }, 200 );        if ( visibilityTestDiv && visibilityTestDiv.offsetParent === null ) {            const observer = new MutationObserver( ( mutations ) => {                mutations.forEach( ( mutation ) => {                    if ( mutation.type === 'attributes' && visibilityTestDiv.offsetParent !== null ) {                        debouncedTriggerPostRender();                        observer.disconnect();                    }                });            });            observer.observe( document.body, {                attributes: true,                childList: false,                subtree: true,                attributeFilter: [ 'style', 'class' ],            });        } else {            triggerPostRender();        }    } );} );\n<\/script>\n\n","protected":false},"excerpt":{"rendered":"<p>Individualen Reise oder Koje-Reise Charten Sie die Boekanier f\u00fcr 7 Tage \u2013 als Familie oder auch einzelne Person Nach dem Erfolg im vergangenen Jahr, bieten wir Ihnen auch wieder eine besondere, individuelle Reise f\u00fcr Sie als Einzelperson oder f\u00fcr Sie zusammen mit Ihrer Familie an. Hallo Segelfreunde, wir haben eine weitere Inseltour organisiert. Der Start&#8230;<\/p>\n","protected":false},"author":1,"featured_media":0,"parent":0,"menu_order":0,"comment_status":"closed","ping_status":"open","template":"","meta":{"_joinchat":[],"footnotes":""},"class_list":["post-288","page","type-page","status-publish","hentry"],"_links":{"self":[{"href":"https:\/\/deboekanier.nl\/de\/wp-json\/wp\/v2\/pages\/288","targetHints":{"allow":["GET"]}}],"collection":[{"href":"https:\/\/deboekanier.nl\/de\/wp-json\/wp\/v2\/pages"}],"about":[{"href":"https:\/\/deboekanier.nl\/de\/wp-json\/wp\/v2\/types\/page"}],"author":[{"embeddable":true,"href":"https:\/\/deboekanier.nl\/de\/wp-json\/wp\/v2\/users\/1"}],"replies":[{"embeddable":true,"href":"https:\/\/deboekanier.nl\/de\/wp-json\/wp\/v2\/comments?post=288"}],"version-history":[{"count":5,"href":"https:\/\/deboekanier.nl\/de\/wp-json\/wp\/v2\/pages\/288\/revisions"}],"predecessor-version":[{"id":897,"href":"https:\/\/deboekanier.nl\/de\/wp-json\/wp\/v2\/pages\/288\/revisions\/897"}],"wp:attachment":[{"href":"https:\/\/deboekanier.nl\/de\/wp-json\/wp\/v2\/media?parent=288"}],"curies":[{"name":"wp","href":"https:\/\/api.w.org\/{rel}","templated":true}]}}