{"id":3423,"date":"2014-03-13T09:52:22","date_gmt":"2014-03-13T08:52:22","guid":{"rendered":"https:\/\/deboekanier.nl\/?page_id=3423"},"modified":"2025-12-22T14:09:01","modified_gmt":"2025-12-22T13:09:01","slug":"oerol-slaapschip","status":"publish","type":"page","link":"https:\/\/deboekanier.nl\/de\/oerol-slaapschip\/","title":{"rendered":"Preise Oerol 2026"},"content":{"rendered":"<section class=\"l-section wpb_row height_medium\"><div class=\"l-section-h i-cf\"><div class=\"g-cols vc_row via_flex valign_top type_default stacking_default\"><div class=\"vc_col-sm-12 wpb_column vc_column_container\"><div class=\"vc_column-inner\"><div class=\"wpb_wrapper\"><div class=\"wpb_text_column\"><div class=\"wpb_wrapper\"><h1 id=\"gba\" class=\"gb_cd gb_uf\" style=\"text-align: center;\">G\u00e4ste zimmer \/ Hotelschiff Preise:<\/h1>\n<div id=\"gt-res-c\" class=\"g-unit\">\n<div id=\"gt-res-p\">\n<div id=\"gt-res-data\">\n<div id=\"gt-res-wrap\">\n<div id=\"gt-res-content\">\n<div dir=\"ltr\">\n<p><span title=\"Prijs is inclusief BTW, ontbijt en bedlinnen \">Der Preis beinhaltet Mehrwertsteuer, Fr\u00fchst\u00fcck und Bettw\u00e4sche<\/span><\/p>\n<p>&nbsp;<\/p>\n<p><span title=\"Tweepersoonshut - 1 persoon - \u20ac 80,00 per kamer per nacht &lt;aantal nachten&gt; \">2 person_ Doppelkabine &#8211; Eine Person &#8211; \u20ac\u00a0 325,00 p.p<br \/>\n<\/span><span class=\"Y2IQFc\" lang=\"de\">(Sie werden mit anderen G\u00e4sten des gleichen Geschlechts gruppiert)<br \/>\nWenn Sie die Kabine alleine w\u00fcnschen, f\u00e4llt ein Aufpreis von <span title=\"Tweepersoonshut - 1 persoon - \u20ac 80,00 per kamer per nacht &lt;aantal nachten&gt; \">\u20ac<\/span> 175,00 an.<br \/>\n<\/span><span title=\"Vierpersoonshut- 3 personen- \u20ac 140,00 per kamer per nacht &lt;aantal nachten&gt; \"><br \/>\n<\/span><span title=\"Vierpersoonshut- 4 personen- \u20ac 160,00 per kamer per nacht &lt;aantal nachten&gt; \">Vier_ Person Kabine &#8211; 4 Personen \u20ac 300,00 p.p<br \/>\n<\/span><\/p>\n<p>Wir werden Menschen des gleichen Geschlechts in einer H\u00fctte unterbringen!<\/p>\n<p>&nbsp;<\/p>\n<p>&nbsp;<\/p>\n<p style=\"text-align: center;\"><span title=\"Beschikbaarheid vrijdag 10 juni t\/m vrijdag 19 juni. \"><strong><span style=\"color: #000080;\">Freitag, 12. Juni\u00a0 \/ Sonntag, den 21. Juni.<\/span><\/strong><\/span><\/p>\n<p>Freitag, 12.Juni \/ Sonntag 21. Juni<br \/>\nSie k\u00f6nnen mitfahren Freitag 12 juni von Harlingen nach Vlieland<br \/>\nDas Schiff fahrt Sonntag 21 Juni 11.00 Uhr zur\u00fcck\u00a0 nach Makkum<\/p>\n<p style=\"text-align: center;\"><span style=\"color: #333399;\"><strong><span title=\"Extra: Vaar mee op vrijdag 09 juni voor de zeiltocht vanuit Harlingen naar Terschelling ! \">\u00a0<\/span><\/strong><\/span><\/p>\n<p>&nbsp;<\/p>\n<\/div>\n<\/div>\n<div id=\"gt-res-tools\"><\/div>\n<\/div>\n<\/div>\n<\/div>\n<\/div>\n<div id=\"gt-c\" class=\"g-section\">\n<div id=\"gt-form-c\">\n<form id=\"gt-form\" action=\"\/\" enctype=\"application\/x-www-form-urlencoded\" method=\"post\" name=\"text_form\">\n<div id=\"gt-text-all\"><\/div>\n<\/form>\n<\/div>\n<\/div>\n<\/div><\/div><\/div><\/div><\/div><\/div><\/div><\/section>\n","protected":false},"excerpt":{"rendered":"G\u00e4ste zimmer \/ Hotelschiff Preise: Der Preis beinhaltet Mehrwertsteuer, Fr\u00fchst\u00fcck und Bettw\u00e4sche &nbsp; 2 person_ Doppelkabine &#8211; Eine Person &#8211; \u20ac\u00a0 325,00 p.p (Sie werden mit anderen G\u00e4sten des gleichen Geschlechts gruppiert) Wenn Sie die Kabine alleine w\u00fcnschen, f\u00e4llt ein Aufpreis von \u20ac 175,00 an. Vier_ Person Kabine &#8211; 4 Personen \u20ac 300,00 p.p Wir...","protected":false},"author":1,"featured_media":0,"parent":0,"menu_order":0,"comment_status":"closed","ping_status":"closed","template":"","meta":{"_joinchat":[],"footnotes":""},"class_list":["post-3423","page","type-page","status-publish","hentry"],"_links":{"self":[{"href":"https:\/\/deboekanier.nl\/de\/wp-json\/wp\/v2\/pages\/3423","targetHints":{"allow":["GET"]}}],"collection":[{"href":"https:\/\/deboekanier.nl\/de\/wp-json\/wp\/v2\/pages"}],"about":[{"href":"https:\/\/deboekanier.nl\/de\/wp-json\/wp\/v2\/types\/page"}],"author":[{"embeddable":true,"href":"https:\/\/deboekanier.nl\/de\/wp-json\/wp\/v2\/users\/1"}],"replies":[{"embeddable":true,"href":"https:\/\/deboekanier.nl\/de\/wp-json\/wp\/v2\/comments?post=3423"}],"version-history":[{"count":10,"href":"https:\/\/deboekanier.nl\/de\/wp-json\/wp\/v2\/pages\/3423\/revisions"}],"predecessor-version":[{"id":9606,"href":"https:\/\/deboekanier.nl\/de\/wp-json\/wp\/v2\/pages\/3423\/revisions\/9606"}],"wp:attachment":[{"href":"https:\/\/deboekanier.nl\/de\/wp-json\/wp\/v2\/media?parent=3423"}],"curies":[{"name":"wp","href":"https:\/\/api.w.org\/{rel}","templated":true}]}}