{"id":3522,"date":"2016-11-23T09:39:58","date_gmt":"2016-11-23T08:39:58","guid":{"rendered":"https:\/\/deboekanier.nl\/?page_id=3522"},"modified":"2025-12-28T17:59:15","modified_gmt":"2025-12-28T16:59:15","slug":"segelcruise-silvester-terschelling-2026-2027","status":"publish","type":"page","link":"https:\/\/deboekanier.nl\/de\/segelreisen\/segelcruise-silvester-terschelling-2026-2027\/","title":{"rendered":"Silvester Terschelling Segelcruise  2026-2027"},"content":{"rendered":"<section class=\"l-section wpb_row height_medium\"><div class=\"l-section-h i-cf\"><div class=\"g-cols vc_row via_flex valign_top type_default stacking_default\"><div class=\"vc_col-sm-8 wpb_column vc_column_container\"><div class=\"vc_column-inner\"><div class=\"wpb_wrapper\"><div class=\"wpb_text_column\"><div class=\"wpb_wrapper\"><h1 style=\"text-align: center;\">Silvester Terschelling 2026-2027<\/h1>\n<h1 style=\"text-align: center;\">Segeln mit der Jahres Wechsel zu Terschelling<br \/>\nIns neue Jahr auf einem Segelschiff feiern.<\/h1>\n<h3 style=\"text-align: center;\">Segeln an Silvester_2026\/2027_Ein Erlebnis<br \/>\nDie ultimative Art, Silvester auf die Insel Terschelling auf einem wundersch\u00f6nen Segelschiff zu feiern!<br \/>\nOder Silvester wieder zu Hause?? Oder etwas Besonderes&#8230;<\/h3>\n<p>An Silvester bieten wir erneut einen vollverpflegten Segelt\u00f6rn nach Terschelling an.<br \/>\nWir machen eine besondere Reise mit vielen netten Menschen und segeln zu den Inseln.<\/p>\n<p>Ein besonderes Erlebnis.<br \/>\nSegeln ist eine fantastische Gelegenheit, andere in einer besonderen Umgebung kennenzulernen, und Segeln an Silvester ist etwas ganz Besonderes! Das Schiff ist komplett mit Zentralheizung ausgestattet und jede Kabine verf\u00fcgt \u00fcber Bettdecken.<br \/>\nSilvesterausflug nach Terschelling<\/p>\n<p>Erleben Sie Silvester im gesch\u00e4ftigen Terschelling nach einem erfrischenden Segelt\u00f6rn im Watt.<\/p>\n<p>Unsere allseits beliebte Silvesterfahrt findet wieder an Bord des 2-Mast-Klippers Boekanier statt.<br \/>\nDie erfahrene Besatzung dieser Schiffe garantiert Ihnen eine angenehme \u00dcberfahrt\u00a0<img loading=\"lazy\" decoding=\"async\" class=\"alignright\" src=\"https:\/\/deboekanier.nl\/wp-content\/uploads\/2025\/01\/IMG_6993.jpeg\" alt=\"\" width=\"306\" height=\"229\" \/><br \/>\nund einen unvergesslichen Aufenthalt im Hafen von West-Terschelling.<br \/>\nDas Programm dieser Silvesterkreuzfahrt nach Terschelling.<\/p>\n<p>Achtung: Ein Schiff segelt dorthin, wo der Wind es hintr\u00e4gt. Einmal an Bord, bestimmt durch die Gezeiten.<\/p>\n<p>Sie werden <strong>am Mittwoch,30. Dezember 2026,<\/strong><br \/>\nan Bord der Boekanier im malerischen Dorf Harlingen einschiffen, liegt am Wattenmeer.<br \/>\nBei einem Begr\u00fc\u00dfungsgetr\u00e4nk und leckeren Snacks lernen Sie die anderen G\u00e4ste und die Crew kennen.<\/p>\n<p>Der Skipper erkl\u00e4rt das Schiff und die Reise f\u00fcr diese Tage. Die endg\u00fcltige Route wird anhand der aktuellen Wettervorhersage und der Gezeiten festgelegt.<br \/>\nAbends k\u00f6nnen Sie, wenn Sie m\u00f6chten, einen Blick auf das stimmungsvolle Makkum werfen.<br \/>\nOder spielen Sie Spiele an Bord und treffen Sie die anderen G\u00e4ste.<\/p>\n<p>Am n\u00e4chsten Morgen, <strong>am Donnerstag, 31. Dezember,<\/strong><br \/>\nverl\u00e4sst das Schiff nach einem k\u00f6stlichen Fr\u00fchst\u00fcck den Hafen von Harlingen.<br \/>\nDer Matrose erkl\u00e4rt Ihnen gerne das Segeln,<br \/>\nHeben und Setzen ist eine spannende T\u00e4tigkeit, an der jeder teilnehmen kann, viele H\u00e4nde machen die Arbeit leicht.<br \/>\nDie Tour f\u00fchrt uber das Wattenmeer, entlang von Sandb\u00e4nken nach Terschelling.<br \/>\nUnterwegs gibt es ein ausgiebiges Mittagessen.<\/p>\n<p>Am Nachmittag legt das Schiff im Hafen von West-Terschelling an und Sie k\u00f6nnen die Insel mit ihrer wundersch\u00f6nen Natur und romantischen D\u00f6rfern erkunden.<\/p>\n<p>Gegen Ende des Nachmittags sorgen unsere K\u00f6che f\u00fcr leckere Snacks, am Abend servieren wir dann das Abendessen.<\/p>\n<p>Selbstverst\u00e4ndlich werden Sie mit leckeren Speisen und K\u00f6stlichkeiten verw\u00f6hnt,<br \/>\ndamit das Jahr 2026 mit leckerem Essen endet.<\/p>\n<p>Das neue Jahr gemeinsam abzuschlie\u00dfen und das neue Jahr zu begr\u00fc\u00dfen, ist ein besonderes Ereignis im Hafen von West-Terschelling!<br \/>\nSobald es zw\u00f6lf Uhr ist, ert\u00f6nen die Schiffsh\u00f6rner, ein Feuerwerk und die Sektkorken knallen;<br \/>\nAll dies unter dem wundersch\u00f6nen brennenden Licht der Brandaris.<\/p>\n<p><strong>Am Freitag, 1. Januar 2027<\/strong>, wird das Schiff morgens wieder nach Harlingen aufbrechen,<br \/>\nin wundersch\u00f6ner Segelt\u00f6rn steht bevor.<\/p>\n<p><strong>Die Pflege<\/strong><br \/>\nW\u00e4hrend dieser Reise genie\u00dfen Sie <strong>Vollpension<\/strong>.<br \/>\nAlle Mahlzeiten und Snacks werden von unseren K\u00f6chen f\u00fcr Sie bereitgestellt.<br \/>\nEventuelle Ern\u00e4hrungsw\u00fcnsche ber\u00fccksichtigen wir selbstverst\u00e4ndlich. Wasser,<br \/>\nTee, Kaffee und Milch sind im Preis inbegriffen. Softdrinks, Limonade, Bier, Wein und heimische Spirituosen sind inkl.<\/p>\n<p>Wir verf\u00fcgen \u00fcber 4&#215;4-Personen-Kabinen und 5&#215;2-Personen-Kabinen mit Etagenbetten, Spiegel und Waschbecken, Kalt- und Warmwasser, Zentralheizung und das Schiff verf\u00fcgt \u00fcber 220 V, WLAN \u00fcberall. Die Betten sind f\u00fcr Sie gemacht und Handt\u00fccher liegen f\u00fcr Sie bereit.<br \/>\nSie k\u00f6nnen in einer Kabine mit einem Passagier des gleichen Geschlechts untergebracht werden.<br \/>\nGegen Aufpreis k\u00f6nnen Sie auch eine Kabine f\u00fcr sich reservieren.<br \/>\nWenn Sie mit mehr als einer Person buchen, teilen wir Sie selbstverst\u00e4ndlich mit diesen.<br \/>\nSie teilen Duschen und Toiletten mit allen Passagieren.<br \/>\nDer Gemeinschaftsraum verf\u00fcgt \u00fcber ausreichend Sitzgelegenheiten und eine gem\u00fctliche Bar,<br \/>\nwo Sie Platz nehmen k\u00f6nnen.<\/p>\n<p>Der Abfahrt- und Ankunftshafen dieser Reise ist Harlingen.<\/p>\n<p>Termine<br \/>\nMittwoch, 30. Dezember 2026, 20:00 Uhr bis Freitag, 1. Januar 2027, 15:00 Uhr<\/p>\n<h5><strong>\u00a0 \u00a0 \u00a0 \u00a0 \u00a0 \u00a0 \u00a0 \u00a0 Preise<\/strong><br \/>\n<strong>Vollpension Preis \u20ac 545,,-<\/strong><\/h5>\n<p>Sie \u00fcbernachten in einer Kabine mit maximal 1 Person des gleichen Geschlechts aus einer anderen Gruppe.<br \/>\nAufpreis f\u00fcr 1-Personen-Kabine: \u20ac 200,-<\/p>\n<p>Im Preis sind au\u00dferdem die Endreinigung, Hafengeb\u00fchren, Kurtaxe und Versicherung enthalten<br \/>\nGarantiesystem f\u00fcr Pauschalreisen. https:\/\/deboekanier.nl\/voorwaarden-hiswa\/<\/p>\n<script>\nvar gform;gform||(document.addEventListener(\"gform_main_scripts_loaded\",function(){gform.scriptsLoaded=!0}),document.addEventListener(\"gform\/theme\/scripts_loaded\",function(){gform.themeScriptsLoaded=!0}),window.addEventListener(\"DOMContentLoaded\",function(){gform.domLoaded=!0}),gform={domLoaded:!1,scriptsLoaded:!1,themeScriptsLoaded:!1,isFormEditor:()=>\"function\"==typeof InitializeEditor,callIfLoaded:function(o){return!(!gform.domLoaded||!gform.scriptsLoaded||!gform.themeScriptsLoaded&&!gform.isFormEditor()||(gform.isFormEditor()&&console.warn(\"The use of gform.initializeOnLoaded() is deprecated in the form editor context and will be removed in Gravity Forms 3.1.\"),o(),0))},initializeOnLoaded:function(o){gform.callIfLoaded(o)||(document.addEventListener(\"gform_main_scripts_loaded\",()=>{gform.scriptsLoaded=!0,gform.callIfLoaded(o)}),document.addEventListener(\"gform\/theme\/scripts_loaded\",()=>{gform.themeScriptsLoaded=!0,gform.callIfLoaded(o)}),window.addEventListener(\"DOMContentLoaded\",()=>{gform.domLoaded=!0,gform.callIfLoaded(o)}))},hooks:{action:{},filter:{}},addAction:function(o,r,e,t){gform.addHook(\"action\",o,r,e,t)},addFilter:function(o,r,e,t){gform.addHook(\"filter\",o,r,e,t)},doAction:function(o){gform.doHook(\"action\",o,arguments)},applyFilters:function(o){return gform.doHook(\"filter\",o,arguments)},removeAction:function(o,r){gform.removeHook(\"action\",o,r)},removeFilter:function(o,r,e){gform.removeHook(\"filter\",o,r,e)},addHook:function(o,r,e,t,n){null==gform.hooks[o][r]&&(gform.hooks[o][r]=[]);var d=gform.hooks[o][r];null==n&&(n=r+\"_\"+d.length),gform.hooks[o][r].push({tag:n,callable:e,priority:t=null==t?10:t})},doHook:function(r,o,e){var t;if(e=Array.prototype.slice.call(e,1),null!=gform.hooks[r][o]&&((o=gform.hooks[r][o]).sort(function(o,r){return o.priority-r.priority}),o.forEach(function(o){\"function\"!=typeof(t=o.callable)&&(t=window[t]),\"action\"==r?t.apply(null,e):e[0]=t.apply(null,e)})),\"filter\"==r)return e[0]},removeHook:function(o,r,t,n){var e;null!=gform.hooks[o][r]&&(e=(e=gform.hooks[o][r]).filter(function(o,r,e){return!!(null!=n&&n!=o.tag||null!=t&&t!=o.priority)}),gform.hooks[o][r]=e)}});\n<\/script>\n\n                <div class='gf_browser_gecko gform_wrapper gform_legacy_markup_wrapper gform-theme--no-framework' data-form-theme='legacy' data-form-index='0' id='gform_wrapper_7' ><form method='post' enctype='multipart\/form-data'  id='gform_7'  action='\/de\/wp-json\/wp\/v2\/pages\/3522' data-formid='7' novalidate>\t\t\t\t\t<div style=\"display: none !important;\" class=\"akismet-fields-container gf_invisible\" data-prefix=\"ak_\">\n\t\t\t\t\t\t<label>&#916;<textarea name=\"ak_hp_textarea\" cols=\"45\" rows=\"8\" maxlength=\"100\"><\/textarea><\/label>\n\t\t\t\t\t\t<input type=\"hidden\" id=\"ak_js_1\" name=\"ak_js\" value=\"136\" \/>\n\t\t\t\t\t\t<script>\ndocument.getElementById( \"ak_js_1\" ).setAttribute( \"value\", ( new Date() ).getTime() );\n<\/script>\n\n\t\t\t\t\t<\/div>\n                        <div class='gform-body gform_body'><ul id='gform_fields_7' class='gform_fields top_label form_sublabel_below description_below validation_below'><li id=\"field_7_1\" class=\"gfield gfield--type-name gfield_contains_required field_sublabel_below gfield--no-description field_description_below field_validation_below gfield_visibility_visible\"  ><label class='gfield_label gform-field-label gfield_label_before_complex' >Ihre Name<span class=\"gfield_required\"><span class=\"gfield_required gfield_required_asterisk\">*<\/span><\/span><\/label><div class='ginput_complex ginput_container ginput_container--name no_prefix has_first_name no_middle_name has_last_name no_suffix gf_name_has_2 ginput_container_name gform-grid-row' id='input_7_1'>\n                            \n                            <span id='input_7_1_3_container' class='name_first gform-grid-col gform-grid-col--size-auto' >\n                                                    <input type='text' name='input_1.3' id='input_7_1_3' value=''   aria-required='true'     \/>\n                                                    <label for='input_7_1_3' class='gform-field-label gform-field-label--type-sub '>Vorname<\/label>\n                                                <\/span>\n                            \n                            <span id='input_7_1_6_container' class='name_last gform-grid-col gform-grid-col--size-auto' >\n                                                    <input type='text' name='input_1.6' id='input_7_1_6' value=''   aria-required='true'     \/>\n                                                    <label for='input_7_1_6' class='gform-field-label gform-field-label--type-sub '>Nachname<\/label>\n                                                <\/span>\n                            \n                        <\/div><\/li><li id=\"field_7_2\" class=\"gfield gfield--type-email gfield_contains_required field_sublabel_below gfield--no-description field_description_below field_validation_below gfield_visibility_visible\"  ><label class='gfield_label gform-field-label' for='input_7_2'>Ihre E-Mail-Adresse<span class=\"gfield_required\"><span class=\"gfield_required gfield_required_asterisk\">*<\/span><\/span><\/label><div class='ginput_container ginput_container_email'>\n                            <input name='input_2' id='input_7_2' type='email' value='' class='medium'    aria-required=\"true\" aria-invalid=\"false\"  \/>\n                        <\/div><\/li><li id=\"field_7_3\" class=\"gfield gfield--type-phone field_sublabel_below gfield--no-description field_description_below field_validation_below gfield_visibility_visible\"  ><label class='gfield_label gform-field-label' for='input_7_3'>Telefon<\/label><div class='ginput_container ginput_container_phone'><input name='input_3' id='input_7_3' type='tel' value='' class='medium'    aria-invalid=\"false\"   \/><\/div><\/li><li id=\"field_7_4\" class=\"gfield gfield--type-textarea gfield_contains_required field_sublabel_below gfield--no-description field_description_below field_validation_below gfield_visibility_visible\"  ><label class='gfield_label gform-field-label' for='input_7_4'>Ihre Nachricht<span class=\"gfield_required\"><span class=\"gfield_required gfield_required_asterisk\">*<\/span><\/span><\/label><div class='ginput_container ginput_container_textarea'><textarea name='input_4' id='input_7_4' class='textarea medium'     aria-required=\"true\" aria-invalid=\"false\"   rows='10' cols='50'><\/textarea><\/div><\/li><li id=\"field_7_5\" class=\"gfield gfield--type-captcha field_sublabel_below gfield--no-description field_description_below field_validation_below gfield_visibility_visible\"  ><label class='gfield_label gform-field-label screen-reader-text' for='input_7_5'><\/label><div id='input_7_5' class='ginput_container ginput_recaptcha' data-sitekey='6LdeQXUUAAAAAIVDPUJM2PmtI5HJyoBImdN_De4Y'  data-theme='light' data-tabindex='0'  data-badge=''><\/div><\/li><\/ul><\/div>\n        <div class='gform-footer gform_footer top_label'> <input type='submit' id='gform_submit_button_7' class='gform_button button' onclick='gform.submission.handleButtonClick(this);' data-submission-type='submit' value='Senden'  \/> \n            <input type='hidden' class='gform_hidden' name='gform_submission_method' data-js='gform_submission_method_7' value='postback' \/>\n            <input type='hidden' class='gform_hidden' name='gform_theme' data-js='gform_theme_7' id='gform_theme_7' value='legacy' \/>\n            <input type='hidden' class='gform_hidden' name='gform_style_settings' data-js='gform_style_settings_7' id='gform_style_settings_7' value='[]' \/>\n            <input type='hidden' class='gform_hidden' name='is_submit_7' value='1' \/>\n            <input type='hidden' class='gform_hidden' name='gform_submit' value='7' \/>\n            \n            <input type='hidden' class='gform_hidden' name='gform_currency' data-currency='EUR' value='cmFBxcSym3lxvw9kf0nRZ44Wp\/+Hfl2aJ93UNpZ04YA96SDQ+se23Mm8XHmxRKZ6NFoJlW6u3g6YjMxXmMvin5E1Sfnu5M0W\/8aOxFe9Olv92i4=' \/>\n            <input type='hidden' class='gform_hidden' name='gform_unique_id' value='' \/>\n            <input type='hidden' class='gform_hidden' name='state_7' value='WyJbXSIsIjQzZTUzNGJlZWRmYjEyNGM0MWZjMmRhYmJlY2ZkNWNiIl0=' \/>\n            <input type='hidden' autocomplete='off' class='gform_hidden' name='gform_target_page_number_7' id='gform_target_page_number_7' value='0' \/>\n            <input type='hidden' autocomplete='off' class='gform_hidden' name='gform_source_page_number_7' id='gform_source_page_number_7' value='1' \/>\n            <input type='hidden' name='gform_field_values' value='' \/>\n            \n        <\/div>\n                        <\/form>\n                        <\/div><script>\ngform.initializeOnLoaded( function() {gformInitSpinner( 7, 'https:\/\/deboekanier.nl\/wp-content\/plugins\/gravityforms\/images\/spinner.svg', true );jQuery('#gform_ajax_frame_7').on('load',function(){var contents = jQuery(this).contents().find('*').html();var is_postback = contents.indexOf('GF_AJAX_POSTBACK') >= 0;if(!is_postback){return;}var form_content = jQuery(this).contents().find('#gform_wrapper_7');var is_confirmation = jQuery(this).contents().find('#gform_confirmation_wrapper_7').length > 0;var is_redirect = contents.indexOf('gformRedirect(){') >= 0;var is_form = form_content.length > 0 && ! is_redirect && ! is_confirmation;var mt = parseInt(jQuery('html').css('margin-top'), 10) + parseInt(jQuery('body').css('margin-top'), 10) + 100;if(is_form){jQuery('#gform_wrapper_7').html(form_content.html());if(form_content.hasClass('gform_validation_error')){jQuery('#gform_wrapper_7').addClass('gform_validation_error');} else {jQuery('#gform_wrapper_7').removeClass('gform_validation_error');}setTimeout( function() { \/* delay the scroll by 50 milliseconds to fix a bug in chrome *\/  }, 50 );if(window['gformInitDatepicker']) {gformInitDatepicker();}if(window['gformInitPriceFields']) {gformInitPriceFields();}var current_page = jQuery('#gform_source_page_number_7').val();gformInitSpinner( 7, 'https:\/\/deboekanier.nl\/wp-content\/plugins\/gravityforms\/images\/spinner.svg', true );jQuery(document).trigger('gform_page_loaded', [7, current_page]);window['gf_submitting_7'] = false;}else if(!is_redirect){var confirmation_content = jQuery(this).contents().find('.GF_AJAX_POSTBACK').html();if(!confirmation_content){confirmation_content = contents;}jQuery('#gform_wrapper_7').replaceWith(confirmation_content);jQuery(document).trigger('gform_confirmation_loaded', [7]);window['gf_submitting_7'] = false;wp.a11y.speak(jQuery('#gform_confirmation_message_7').text());}else{jQuery('#gform_7').append(contents);if(window['gformRedirect']) {gformRedirect();}}jQuery(document).trigger(\"gform_pre_post_render\", [{ formId: \"7\", currentPage: \"current_page\", abort: function() { this.preventDefault(); } }]);        if (event && event.defaultPrevented) {                return;        }        const gformWrapperDiv = document.getElementById( \"gform_wrapper_7\" );        if ( gformWrapperDiv ) {            const visibilitySpan = document.createElement( \"span\" );            visibilitySpan.id = \"gform_visibility_test_7\";            gformWrapperDiv.insertAdjacentElement( \"afterend\", visibilitySpan );        }        const visibilityTestDiv = document.getElementById( \"gform_visibility_test_7\" );        let postRenderFired = false;        function triggerPostRender() {            if ( postRenderFired ) {                return;            }            postRenderFired = true;            gform.core.triggerPostRenderEvents( 7, current_page );            if ( visibilityTestDiv ) {                visibilityTestDiv.parentNode.removeChild( visibilityTestDiv );            }        }        function debounce( func, wait, immediate ) {            var timeout;            return function() {                var context = this, args = arguments;                var later = function() {                    timeout = null;                    if ( !immediate ) func.apply( context, args );                };                var callNow = immediate && !timeout;                clearTimeout( timeout );                timeout = setTimeout( later, wait );                if ( callNow ) func.apply( context, args );            };        }        const debouncedTriggerPostRender = debounce( function() {            triggerPostRender();        }, 200 );        if ( visibilityTestDiv && visibilityTestDiv.offsetParent === null ) {            const observer = new MutationObserver( ( mutations ) => {                mutations.forEach( ( mutation ) => {                    if ( mutation.type === 'attributes' && visibilityTestDiv.offsetParent !== null ) {                        debouncedTriggerPostRender();                        observer.disconnect();                    }                });            });            observer.observe( document.body, {                attributes: true,                childList: false,                subtree: true,                attributeFilter: [ 'style', 'class' ],            });        } else {            triggerPostRender();        }    } );} );\n<\/script>\n\n<p><strong>Silvester 2026-2027<\/strong><\/p>\n<\/div><\/div><\/div><\/div><\/div><div class=\"vc_col-sm-4 wpb_column vc_column_container\"><div class=\"vc_column-inner\"><div class=\"wpb_wrapper\"><div class=\"wpb_widgetised_column wpb_content_element\"><div class=\"wpb_wrapper\"><\/div><\/div><div class=\"wpb_widgetised_column wpb_content_element\"><div class=\"wpb_wrapper\"><div id=\"search-6\" class=\"widget widget_search\"><h3 class=\"widgettitle\">Search<\/h3><form role=\"search\" method=\"get\" class=\"search-form\" action=\"https:\/\/deboekanier.nl\/de\/\">\n\t\t\t\t<label>\n\t\t\t\t\t<span class=\"screen-reader-text\">Suche nach:<\/span>\n\t\t\t\t\t<input type=\"search\" class=\"search-field\" placeholder=\"Suchen\u00a0\u2026\" value=\"\" name=\"s\" \/>\n\t\t\t\t<\/label>\n\t\t\t\t<input type=\"submit\" class=\"search-submit\" value=\"Suchen\" \/>\n\t\t\t<\/form><\/div><div id=\"us_contacts-4\" class=\"widget widget_us_contacts\"><h3 class=\"widgettitle\">Kontakt info<\/h3><div class=\"w-contacts\"><div class=\"w-contacts-list\"><div class=\"w-contacts-item for_phone\"><span class=\"w-contacts-item-value\">+31 (0)6 - 539 224 90<\/span><\/div><div class=\"w-contacts-item for_email\"><span class=\"w-contacts-item-value\"><a href=\"mailto:info@deboekanier.nl\">info@deboekanier.nl<\/a><\/span><\/div><\/div><\/div><\/div><\/div><\/div><div class=\"w-separator size_medium\"><\/div><div class=\"wpb_widgetised_column wpb_content_element\"><div class=\"wpb_wrapper\"><\/div><\/div><div class=\"w-separator size_medium\"><\/div><div class=\"wpb_widgetised_column wpb_content_element\"><div class=\"wpb_wrapper\"><\/div><\/div><\/div><\/div><\/div><\/div><\/div><\/section><section class=\"l-section wpb_row height_medium\"><div class=\"l-section-h i-cf\"><div class=\"g-cols vc_row via_flex valign_top type_default stacking_default\"><div class=\"vc_col-sm-12 wpb_column vc_column_container\"><div class=\"vc_column-inner\"><div class=\"wpb_wrapper\"><div class=\"w-flipbox animation_cardflip direction_w\"><div class=\"w-flipbox-h easing_ease\" style=\"transition-duration:0.5s;\"><div class=\"w-flipbox-hh\"><div class=\"w-flipbox-front\" style=\"color:var(--color-content-bg);background-image:url(https:\/\/deboekanier.nl\/wp-content\/uploads\/2025\/12\/konfetti-frohes-neues-jahr-0016_2026.gif);\"><div class=\"w-flipbox-front-h\"><h4 class=\"w-flipbox-front-title\" style=\"font-size:25px;\">Gl\u00fccklich 2026<\/h4><\/div><\/div><div class=\"w-flipbox-back\" style=\"display:none;background:#e815e8;color:var(--color-content-bg);\"><div class=\"w-flipbox-back-h\"><h4 class=\"w-flipbox-back-title\" style=\"font-size:1.2rem;\">Beste Wunsche 2026<\/h4><a href=\"https:\/\/deboekanier.nl\/de\/kontakt\/\" class=\"w-btn us-btn-style_3\" style=\"font-size:25\"><span class=\"w-btn-label\">Klicken Sie hier<\/span><\/a><\/div><\/div><\/div><\/div><\/div><\/div><\/div><\/div><\/div><\/div><\/section><section class=\"l-section wpb_row height_medium\"><div class=\"l-section-h i-cf\"><div class=\"g-cols vc_row via_flex valign_top type_default stacking_default\"><div class=\"vc_col-sm-12 wpb_column vc_column_container\"><div class=\"vc_column-inner\"><div class=\"wpb_wrapper\"><\/div><\/div><\/div><\/div><\/div><\/section>\n","protected":false},"excerpt":{"rendered":"Silvester Terschelling 2026-2027 Segeln mit der Jahres Wechsel zu Terschelling Ins neue Jahr auf einem Segelschiff feiern. Segeln an Silvester_2026\/2027_Ein Erlebnis Die ultimative Art, Silvester auf die Insel Terschelling auf einem wundersch\u00f6nen Segelschiff zu feiern! Oder Silvester wieder zu Hause?? Oder etwas Besonderes&#8230; An Silvester bieten wir erneut einen vollverpflegten Segelt\u00f6rn nach Terschelling an. Wir...","protected":false},"author":1,"featured_media":0,"parent":2787,"menu_order":0,"comment_status":"closed","ping_status":"open","template":"","meta":{"_joinchat":[],"footnotes":""},"class_list":["post-3522","page","type-page","status-publish","hentry"],"_links":{"self":[{"href":"https:\/\/deboekanier.nl\/de\/wp-json\/wp\/v2\/pages\/3522","targetHints":{"allow":["GET"]}}],"collection":[{"href":"https:\/\/deboekanier.nl\/de\/wp-json\/wp\/v2\/pages"}],"about":[{"href":"https:\/\/deboekanier.nl\/de\/wp-json\/wp\/v2\/types\/page"}],"author":[{"embeddable":true,"href":"https:\/\/deboekanier.nl\/de\/wp-json\/wp\/v2\/users\/1"}],"replies":[{"embeddable":true,"href":"https:\/\/deboekanier.nl\/de\/wp-json\/wp\/v2\/comments?post=3522"}],"version-history":[{"count":27,"href":"https:\/\/deboekanier.nl\/de\/wp-json\/wp\/v2\/pages\/3522\/revisions"}],"predecessor-version":[{"id":9737,"href":"https:\/\/deboekanier.nl\/de\/wp-json\/wp\/v2\/pages\/3522\/revisions\/9737"}],"up":[{"embeddable":true,"href":"https:\/\/deboekanier.nl\/de\/wp-json\/wp\/v2\/pages\/2787"}],"wp:attachment":[{"href":"https:\/\/deboekanier.nl\/de\/wp-json\/wp\/v2\/media?parent=3522"}],"curies":[{"name":"wp","href":"https:\/\/api.w.org\/{rel}","templated":true}]}}