{"id":4569,"date":"2019-02-05T16:17:20","date_gmt":"2019-02-05T15:17:20","guid":{"rendered":"https:\/\/deboekanier.nl\/voorwaarden-hiswa\/"},"modified":"2023-04-29T09:52:06","modified_gmt":"2023-04-29T07:52:06","slug":"voorwaarden-hiswa","status":"publish","type":"page","link":"https:\/\/deboekanier.nl\/de\/voorwaarden-hiswa\/","title":{"rendered":"VZR Garant Gew\u00e4hrleistungsverpflichtung"},"content":{"rendered":"\r\n<p>VZR Garant Um der gesetzlich vorgeschriebenen Gew\u00e4hrleistungsverpflichtung zu entsprechen, nutzt Segelrederei Boekanier das Garantiesystem von VZR Garant. <br \/>Dies k\u00f6nnen Sie auf der Teilnehmerseite der Website von VZR Garant \u00fcberpr\u00fcfen. Im Rahmen des Garantiesystems (wird auf der Website von VZR Garant beschrieben) ist die Garantie von VZR Garant anwendbar. <br \/>Dem Garantiesystem entnehmen Sie, f\u00fcr welches (Reise-)Angebot die Garantie von VZR Garant genau Anwendung findet und was diese Garantie beinhaltet. Falls Dienstleistungen durch finanzielle Vers\u00e4umnisse von [Name des Unternehmens] nicht erbracht werden,<br \/>wenden Sie sich bitte an VZR Garant: VZR Garant, Torenallee 20, 5617 BC Eindhoven, Niederlande, <br \/>und zwar per E-Mail (info@vzr-garant.nl) oder telefonisch unter +31 (0)85 13 07 630<\/p>\r\n<p><a href=\"https:\/\/vzr-garant.nl\/deelnemers\">https:\/\/vzr-garant.nl\/deelnemers<\/a><\/p>\r\n","protected":false},"excerpt":{"rendered":"<p>VZR Garant Um der gesetzlich vorgeschriebenen Gew\u00e4hrleistungsverpflichtung zu entsprechen, nutzt Segelrederei Boekanier das Garantiesystem von VZR Garant. Dies k\u00f6nnen Sie auf der Teilnehmerseite der Website von VZR Garant \u00fcberpr\u00fcfen. Im Rahmen des Garantiesystems (wird auf der Website von VZR Garant beschrieben) ist die Garantie von VZR Garant anwendbar. Dem Garantiesystem entnehmen Sie, f\u00fcr welches (Reise-)Angebot&#8230;<\/p>\n","protected":false},"author":1,"featured_media":0,"parent":0,"menu_order":0,"comment_status":"closed","ping_status":"closed","template":"","meta":{"_joinchat":[],"footnotes":""},"class_list":["post-4569","page","type-page","status-publish","hentry"],"_links":{"self":[{"href":"https:\/\/deboekanier.nl\/de\/wp-json\/wp\/v2\/pages\/4569","targetHints":{"allow":["GET"]}}],"collection":[{"href":"https:\/\/deboekanier.nl\/de\/wp-json\/wp\/v2\/pages"}],"about":[{"href":"https:\/\/deboekanier.nl\/de\/wp-json\/wp\/v2\/types\/page"}],"author":[{"embeddable":true,"href":"https:\/\/deboekanier.nl\/de\/wp-json\/wp\/v2\/users\/1"}],"replies":[{"embeddable":true,"href":"https:\/\/deboekanier.nl\/de\/wp-json\/wp\/v2\/comments?post=4569"}],"version-history":[{"count":5,"href":"https:\/\/deboekanier.nl\/de\/wp-json\/wp\/v2\/pages\/4569\/revisions"}],"predecessor-version":[{"id":9151,"href":"https:\/\/deboekanier.nl\/de\/wp-json\/wp\/v2\/pages\/4569\/revisions\/9151"}],"wp:attachment":[{"href":"https:\/\/deboekanier.nl\/de\/wp-json\/wp\/v2\/media?parent=4569"}],"curies":[{"name":"wp","href":"https:\/\/api.w.org\/{rel}","templated":true}]}}