{"id":4641,"date":"2021-02-15T14:13:51","date_gmt":"2021-02-15T13:13:51","guid":{"rendered":"https:\/\/deboekanier.nl\/?page_id=4641"},"modified":"2026-03-14T08:17:52","modified_gmt":"2026-03-14T07:17:52","slug":"into-the-wide-great-open-vlieland-2026","status":"publish","type":"page","link":"https:\/\/deboekanier.nl\/de\/into-the-wide-great-open-vlieland-2026\/","title":{"rendered":"Into the Wide Great Open-Vlieland 2026"},"content":{"rendered":"<div id=\"tw-target-text-container\" class=\"tw-ta-container hide-focus-ring tw-nfl\" tabindex=\"0\">\n<p id=\"tw-target-text\" class=\"tw-data-text tw-text-large XcVN5d tw-ta\" dir=\"ltr\" style=\"text-align: center;\" data-placeholder=\"Vertaling\"><span lang=\"de\">Wirst du das Festival dieses Jahr wieder genie\u00dfen:<br \/>\n<strong> Into The Great Wide Open<br \/>\n28 Aug. bis 31. Augustus 2026<\/strong><\/span><\/p>\n<p class=\"tw-data-text tw-text-large XcVN5d tw-ta\" dir=\"ltr\" data-placeholder=\"Vertaling\"><span lang=\"de\"><img loading=\"lazy\" decoding=\"async\" class=\"aligncenter size-medium wp-image-4396\" src=\"https:\/\/deboekanier.nl\/wp-content\/uploads\/2019\/12\/oud_en_nieuw-300x169.jpg\" alt=\"\" width=\"300\" height=\"169\" srcset=\"https:\/\/deboekanier.nl\/wp-content\/uploads\/2019\/12\/oud_en_nieuw-300x169.jpg 300w, https:\/\/deboekanier.nl\/wp-content\/uploads\/2019\/12\/oud_en_nieuw-600x337.jpg 600w, https:\/\/deboekanier.nl\/wp-content\/uploads\/2019\/12\/oud_en_nieuw-768x431.jpg 768w, https:\/\/deboekanier.nl\/wp-content\/uploads\/2019\/12\/oud_en_nieuw.jpg 817w\" sizes=\"auto, (max-width: 300px) 100vw, 300px\" \/><\/span><\/p>\n<p class=\"tw-data-text tw-text-large XcVN5d tw-ta\" dir=\"ltr\" data-placeholder=\"Vertaling\"><span lang=\"de\">Ein tolles Spektakel auf Vlieland. Musik spielt eine zentrale Rolle, aber es ist haupts\u00e4chlich der Kontext, der unser Festival zu seinem eigenen macht. <\/span><\/p>\n<p class=\"tw-data-text tw-text-large XcVN5d tw-ta\" dir=\"ltr\" data-placeholder=\"Vertaling\"><span lang=\"de\">Mitten in der Natur auf der vielleicht sch\u00f6nsten Wattenmeerinsel der Niederlande. \u00dcberraschende periphere Programmierung, visuelle Kunst, Film, herausfordernde Aktivit\u00e4ten f\u00fcr Kinder und gen\u00fcgend Ruhe und Raum, um sie optimal zu genie\u00dfen. <\/span><\/p>\n<p class=\"tw-data-text tw-text-large XcVN5d tw-ta\" dir=\"ltr\" data-placeholder=\"Vertaling\"><span lang=\"de\">Sowohl das Publikum als auch der K\u00fcnstler sind Besucher der Insel, auf der das Meer die Grenze und nicht die Massenbarrieren anzeigt. <\/span><\/p>\n<p class=\"tw-data-text tw-text-large XcVN5d tw-ta\" dir=\"ltr\" data-placeholder=\"Vertaling\"><span lang=\"de\">Into The Great Wide Open ist f\u00fcr alle Liebhaber guter alternativer Popmusik gedacht, die ein stimmungsvolles Festival brauchen, aber auch selbst das Tempo bestimmen und etwas mehr Auswahl w\u00fcnschen.<br \/>\nAustern aus dem Wattenmeer, frisch gefangener Wolfsbarsch, sorgf\u00e4ltig zubereitet.<br \/>\nVerr\u00fcckt werden auf einem Festivalfeld und Lagerfeuerlieder am Strand. <\/span><\/p>\n<p class=\"tw-data-text tw-text-large XcVN5d tw-ta\" dir=\"ltr\" data-placeholder=\"Vertaling\"><span lang=\"de\">Intimes Festivalgef\u00fchl und das &#8222;gro\u00dfe Weite&#8220;. in die gro\u00dfe wei\u00dfe offene Vlieland Unterkunft Wir bieten Ihnen die M\u00f6glichkeit, den Boekanier als Unterkunft zu nutzen, auf der Sie w\u00e4hrend dieses Festivals eine \u00dcbernachtung buchen k\u00f6nnen.<\/span><\/p>\n<p class=\"tw-data-text tw-text-large XcVN5d tw-ta\" dir=\"ltr\" data-placeholder=\"Vertaling\"><span lang=\"de\">Das wundersch\u00f6ne Schiff mit hervorragenden Einrichtungen befindet sich im Hafen von Vlieland, 10 Minuten vom Festivalgel\u00e4nde entfernt. <\/span><\/p>\n<p class=\"tw-data-text tw-text-large XcVN5d tw-ta\" dir=\"ltr\" data-placeholder=\"Vertaling\"><span lang=\"de\">Die Schiffe sind mit Kabinen f\u00fcr 2 und 4 Personen und guten sanit\u00e4ren Einrichtungen ausgestattet. <\/span><\/p>\n<p class=\"tw-data-text tw-text-large XcVN5d tw-ta\" dir=\"ltr\" data-placeholder=\"Vertaling\"><span lang=\"de\">W\u00e4hrend Sie aufwachen, bietet Ihnen der Skipper ein reichhaltiges Fr\u00fchst\u00fccksbuffet.<\/span><\/p>\n<p class=\"tw-data-text tw-text-large XcVN5d tw-ta\" dir=\"ltr\" data-placeholder=\"Vertaling\"><span lang=\"de\"><br \/>\nAm Sonntag besteht nat\u00fcrlich auch die M\u00f6glichkeit, zur\u00fcck nach Makkum zu segeln, wo wir gegen 15.00 Uhr<br \/>\n<\/span><\/p>\n<p class=\"tw-data-text tw-text-large XcVN5d tw-ta\" dir=\"ltr\" data-placeholder=\"Vertaling\"><span lang=\"de\">festmachen Weitere Informationen erhalten Sie per E-Mail an info@deboekanier.nl<\/span><\/p>\n<p class=\"tw-data-text tw-text-large XcVN5d tw-ta\" dir=\"ltr\" style=\"padding-left: 40px; text-align: center;\" data-placeholder=\"Vertaling\"><strong><span lang=\"de\">In die gro\u00dfe wei\u00dfe offene Vlieland Unterkunft 2026<\/span><\/strong><\/p>\n<p dir=\"ltr\" data-placeholder=\"Vertaling\"><script>\nvar gform;gform||(document.addEventListener(\"gform_main_scripts_loaded\",function(){gform.scriptsLoaded=!0}),document.addEventListener(\"gform\/theme\/scripts_loaded\",function(){gform.themeScriptsLoaded=!0}),window.addEventListener(\"DOMContentLoaded\",function(){gform.domLoaded=!0}),gform={domLoaded:!1,scriptsLoaded:!1,themeScriptsLoaded:!1,isFormEditor:()=>\"function\"==typeof InitializeEditor,callIfLoaded:function(o){return!(!gform.domLoaded||!gform.scriptsLoaded||!gform.themeScriptsLoaded&&!gform.isFormEditor()||(gform.isFormEditor()&&console.warn(\"The use of gform.initializeOnLoaded() is deprecated in the form editor context and will be removed in Gravity Forms 3.1.\"),o(),0))},initializeOnLoaded:function(o){gform.callIfLoaded(o)||(document.addEventListener(\"gform_main_scripts_loaded\",()=>{gform.scriptsLoaded=!0,gform.callIfLoaded(o)}),document.addEventListener(\"gform\/theme\/scripts_loaded\",()=>{gform.themeScriptsLoaded=!0,gform.callIfLoaded(o)}),window.addEventListener(\"DOMContentLoaded\",()=>{gform.domLoaded=!0,gform.callIfLoaded(o)}))},hooks:{action:{},filter:{}},addAction:function(o,r,e,t){gform.addHook(\"action\",o,r,e,t)},addFilter:function(o,r,e,t){gform.addHook(\"filter\",o,r,e,t)},doAction:function(o){gform.doHook(\"action\",o,arguments)},applyFilters:function(o){return gform.doHook(\"filter\",o,arguments)},removeAction:function(o,r){gform.removeHook(\"action\",o,r)},removeFilter:function(o,r,e){gform.removeHook(\"filter\",o,r,e)},addHook:function(o,r,e,t,n){null==gform.hooks[o][r]&&(gform.hooks[o][r]=[]);var d=gform.hooks[o][r];null==n&&(n=r+\"_\"+d.length),gform.hooks[o][r].push({tag:n,callable:e,priority:t=null==t?10:t})},doHook:function(r,o,e){var t;if(e=Array.prototype.slice.call(e,1),null!=gform.hooks[r][o]&&((o=gform.hooks[r][o]).sort(function(o,r){return o.priority-r.priority}),o.forEach(function(o){\"function\"!=typeof(t=o.callable)&&(t=window[t]),\"action\"==r?t.apply(null,e):e[0]=t.apply(null,e)})),\"filter\"==r)return e[0]},removeHook:function(o,r,t,n){var e;null!=gform.hooks[o][r]&&(e=(e=gform.hooks[o][r]).filter(function(o,r,e){return!!(null!=n&&n!=o.tag||null!=t&&t!=o.priority)}),gform.hooks[o][r]=e)}});\n<\/script>\n\n                <div class='gf_browser_gecko gform_wrapper gform_legacy_markup_wrapper gform-theme--no-framework' data-form-theme='legacy' data-form-index='0' id='gform_wrapper_7' >\n                        <div class='gform_heading'>\n                            <h3 class=\"gform_title\">Contact formulier - Duits<\/h3>\n                            <p class='gform_description'>contact duits<\/p>\n                        <\/div><form method='post' enctype='multipart\/form-data'  id='gform_7'  action='\/de\/wp-json\/wp\/v2\/pages\/4641' data-formid='7' novalidate>\t\t\t\t\t<div style=\"display: none !important;\" class=\"akismet-fields-container gf_invisible\" data-prefix=\"ak_\">\n\t\t\t\t\t\t<label>&#916;<textarea name=\"ak_hp_textarea\" cols=\"45\" rows=\"8\" maxlength=\"100\"><\/textarea><\/label>\n\t\t\t\t\t\t<input type=\"hidden\" id=\"ak_js_1\" name=\"ak_js\" value=\"75\" \/>\n\t\t\t\t\t\t<script>\ndocument.getElementById( \"ak_js_1\" ).setAttribute( \"value\", ( new Date() ).getTime() );\n<\/script>\n\n\t\t\t\t\t<\/div>\n                        <div class='gform-body gform_body'><ul id='gform_fields_7' class='gform_fields top_label form_sublabel_below description_below validation_below'><li id=\"field_7_1\" class=\"gfield gfield--type-name gfield_contains_required field_sublabel_below gfield--no-description field_description_below field_validation_below gfield_visibility_visible\"  ><label class='gfield_label gform-field-label gfield_label_before_complex' >Ihre Name<span class=\"gfield_required\"><span class=\"gfield_required gfield_required_asterisk\">*<\/span><\/span><\/label><div class='ginput_complex ginput_container ginput_container--name no_prefix has_first_name no_middle_name has_last_name no_suffix gf_name_has_2 ginput_container_name gform-grid-row' id='input_7_1'>\n                            \n                            <span id='input_7_1_3_container' class='name_first gform-grid-col gform-grid-col--size-auto' >\n                                                    <input type='text' name='input_1.3' id='input_7_1_3' value=''   aria-required='true'     \/>\n                                                    <label for='input_7_1_3' class='gform-field-label gform-field-label--type-sub '>Vorname<\/label>\n                                                <\/span>\n                            \n                            <span id='input_7_1_6_container' class='name_last gform-grid-col gform-grid-col--size-auto' >\n                                                    <input type='text' name='input_1.6' id='input_7_1_6' value=''   aria-required='true'     \/>\n                                                    <label for='input_7_1_6' class='gform-field-label gform-field-label--type-sub '>Nachname<\/label>\n                                                <\/span>\n                            \n                        <\/div><\/li><li id=\"field_7_2\" class=\"gfield gfield--type-email gfield_contains_required field_sublabel_below gfield--no-description field_description_below field_validation_below gfield_visibility_visible\"  ><label class='gfield_label gform-field-label' for='input_7_2'>Ihre E-Mail-Adresse<span class=\"gfield_required\"><span class=\"gfield_required gfield_required_asterisk\">*<\/span><\/span><\/label><div class='ginput_container ginput_container_email'>\n                            <input name='input_2' id='input_7_2' type='email' value='' class='medium'    aria-required=\"true\" aria-invalid=\"false\"  \/>\n                        <\/div><\/li><li id=\"field_7_3\" class=\"gfield gfield--type-phone field_sublabel_below gfield--no-description field_description_below field_validation_below gfield_visibility_visible\"  ><label class='gfield_label gform-field-label' for='input_7_3'>Telefon<\/label><div class='ginput_container ginput_container_phone'><input name='input_3' id='input_7_3' type='tel' value='' class='medium'    aria-invalid=\"false\"   \/><\/div><\/li><li id=\"field_7_4\" class=\"gfield gfield--type-textarea gfield_contains_required field_sublabel_below gfield--no-description field_description_below field_validation_below gfield_visibility_visible\"  ><label class='gfield_label gform-field-label' for='input_7_4'>Ihre Nachricht<span class=\"gfield_required\"><span class=\"gfield_required gfield_required_asterisk\">*<\/span><\/span><\/label><div class='ginput_container ginput_container_textarea'><textarea name='input_4' id='input_7_4' class='textarea medium'     aria-required=\"true\" aria-invalid=\"false\"   rows='10' cols='50'><\/textarea><\/div><\/li><li id=\"field_7_5\" class=\"gfield gfield--type-captcha field_sublabel_below gfield--no-description field_description_below field_validation_below gfield_visibility_visible\"  ><label class='gfield_label gform-field-label screen-reader-text' for='input_7_5'><\/label><div id='input_7_5' class='ginput_container ginput_recaptcha' data-sitekey='6LdeQXUUAAAAAIVDPUJM2PmtI5HJyoBImdN_De4Y'  data-theme='light' data-tabindex='0'  data-badge=''><\/div><\/li><\/ul><\/div>\n        <div class='gform-footer gform_footer top_label'> <input type='submit' id='gform_submit_button_7' class='gform_button button' onclick='gform.submission.handleButtonClick(this);' data-submission-type='submit' value='Senden'  \/> \n            <input type='hidden' class='gform_hidden' name='gform_submission_method' data-js='gform_submission_method_7' value='postback' \/>\n            <input type='hidden' class='gform_hidden' name='gform_theme' data-js='gform_theme_7' id='gform_theme_7' value='legacy' \/>\n            <input type='hidden' class='gform_hidden' name='gform_style_settings' data-js='gform_style_settings_7' id='gform_style_settings_7' value='[]' \/>\n            <input type='hidden' class='gform_hidden' name='is_submit_7' value='1' \/>\n            <input type='hidden' class='gform_hidden' name='gform_submit' value='7' \/>\n            \n            <input type='hidden' class='gform_hidden' name='gform_currency' data-currency='EUR' value='ri2Fydb5F4uoi2dKgzwe2uB2JAl5bfVv06ZUl3QFM1gU67G\/s8Dxq61iHdFEX597JjiC9gcngy\/fFTH3vndsOXlCwtEUt5NmZw3bEufrPM+Ekr0=' \/>\n            <input type='hidden' class='gform_hidden' name='gform_unique_id' value='' \/>\n            <input type='hidden' class='gform_hidden' name='state_7' value='WyJbXSIsIjQzZTUzNGJlZWRmYjEyNGM0MWZjMmRhYmJlY2ZkNWNiIl0=' \/>\n            <input type='hidden' autocomplete='off' class='gform_hidden' name='gform_target_page_number_7' id='gform_target_page_number_7' value='0' \/>\n            <input type='hidden' autocomplete='off' class='gform_hidden' name='gform_source_page_number_7' id='gform_source_page_number_7' value='1' \/>\n            <input type='hidden' name='gform_field_values' value='' \/>\n            \n        <\/div>\n                        <\/form>\n                        <\/div><script>\ngform.initializeOnLoaded( function() {gformInitSpinner( 7, 'https:\/\/deboekanier.nl\/wp-content\/plugins\/gravityforms\/images\/spinner.svg', true );jQuery('#gform_ajax_frame_7').on('load',function(){var contents = jQuery(this).contents().find('*').html();var is_postback = contents.indexOf('GF_AJAX_POSTBACK') >= 0;if(!is_postback){return;}var form_content = jQuery(this).contents().find('#gform_wrapper_7');var is_confirmation = jQuery(this).contents().find('#gform_confirmation_wrapper_7').length > 0;var is_redirect = contents.indexOf('gformRedirect(){') >= 0;var is_form = form_content.length > 0 && ! is_redirect && ! is_confirmation;var mt = parseInt(jQuery('html').css('margin-top'), 10) + parseInt(jQuery('body').css('margin-top'), 10) + 100;if(is_form){jQuery('#gform_wrapper_7').html(form_content.html());if(form_content.hasClass('gform_validation_error')){jQuery('#gform_wrapper_7').addClass('gform_validation_error');} else {jQuery('#gform_wrapper_7').removeClass('gform_validation_error');}setTimeout( function() { \/* delay the scroll by 50 milliseconds to fix a bug in chrome *\/  }, 50 );if(window['gformInitDatepicker']) {gformInitDatepicker();}if(window['gformInitPriceFields']) {gformInitPriceFields();}var current_page = jQuery('#gform_source_page_number_7').val();gformInitSpinner( 7, 'https:\/\/deboekanier.nl\/wp-content\/plugins\/gravityforms\/images\/spinner.svg', true );jQuery(document).trigger('gform_page_loaded', [7, current_page]);window['gf_submitting_7'] = false;}else if(!is_redirect){var confirmation_content = jQuery(this).contents().find('.GF_AJAX_POSTBACK').html();if(!confirmation_content){confirmation_content = contents;}jQuery('#gform_wrapper_7').replaceWith(confirmation_content);jQuery(document).trigger('gform_confirmation_loaded', [7]);window['gf_submitting_7'] = false;wp.a11y.speak(jQuery('#gform_confirmation_message_7').text());}else{jQuery('#gform_7').append(contents);if(window['gformRedirect']) {gformRedirect();}}jQuery(document).trigger(\"gform_pre_post_render\", [{ formId: \"7\", currentPage: \"current_page\", abort: function() { this.preventDefault(); } }]);        if (event && event.defaultPrevented) {                return;        }        const gformWrapperDiv = document.getElementById( \"gform_wrapper_7\" );        if ( gformWrapperDiv ) {            const visibilitySpan = document.createElement( \"span\" );            visibilitySpan.id = \"gform_visibility_test_7\";            gformWrapperDiv.insertAdjacentElement( \"afterend\", visibilitySpan );        }        const visibilityTestDiv = document.getElementById( \"gform_visibility_test_7\" );        let postRenderFired = false;        function triggerPostRender() {            if ( postRenderFired ) {                return;            }            postRenderFired = true;            gform.core.triggerPostRenderEvents( 7, current_page );            if ( visibilityTestDiv ) {                visibilityTestDiv.parentNode.removeChild( visibilityTestDiv );            }        }        function debounce( func, wait, immediate ) {            var timeout;            return function() {                var context = this, args = arguments;                var later = function() {                    timeout = null;                    if ( !immediate ) func.apply( context, args );                };                var callNow = immediate && !timeout;                clearTimeout( timeout );                timeout = setTimeout( later, wait );                if ( callNow ) func.apply( context, args );            };        }        const debouncedTriggerPostRender = debounce( function() {            triggerPostRender();        }, 200 );        if ( visibilityTestDiv && visibilityTestDiv.offsetParent === null ) {            const observer = new MutationObserver( ( mutations ) => {                mutations.forEach( ( mutation ) => {                    if ( mutation.type === 'attributes' && visibilityTestDiv.offsetParent !== null ) {                        debouncedTriggerPostRender();                        observer.disconnect();                    }                });            });            observer.observe( document.body, {                attributes: true,                childList: false,                subtree: true,                attributeFilter: [ 'style', 'class' ],            });        } else {            triggerPostRender();        }    } );} );\n<\/script>\n\n<\/div>\n<div id=\"tw-target-rmn-container\" class=\"tw-ta-container hide-focus-ring tw-nfl\">\n<h3 id=\"tw-target-rmn\" class=\"tw-data-placeholder tw-text-small tw-ta\" dir=\"ltr\"><\/h3>\n<\/div>\n","protected":false},"excerpt":{"rendered":"<p>Wirst du das Festival dieses Jahr wieder genie\u00dfen: Into The Great Wide Open 28 Aug. bis 31. Augustus 2026 Ein tolles Spektakel auf Vlieland. Musik spielt eine zentrale Rolle, aber es ist haupts\u00e4chlich der Kontext, der unser Festival zu seinem eigenen macht. Mitten in der Natur auf der vielleicht sch\u00f6nsten Wattenmeerinsel der Niederlande. \u00dcberraschende periphere&#8230;<\/p>\n","protected":false},"author":1,"featured_media":0,"parent":0,"menu_order":0,"comment_status":"closed","ping_status":"closed","template":"","meta":{"_joinchat":[],"footnotes":""},"class_list":["post-4641","page","type-page","status-publish","hentry"],"_links":{"self":[{"href":"https:\/\/deboekanier.nl\/de\/wp-json\/wp\/v2\/pages\/4641","targetHints":{"allow":["GET"]}}],"collection":[{"href":"https:\/\/deboekanier.nl\/de\/wp-json\/wp\/v2\/pages"}],"about":[{"href":"https:\/\/deboekanier.nl\/de\/wp-json\/wp\/v2\/types\/page"}],"author":[{"embeddable":true,"href":"https:\/\/deboekanier.nl\/de\/wp-json\/wp\/v2\/users\/1"}],"replies":[{"embeddable":true,"href":"https:\/\/deboekanier.nl\/de\/wp-json\/wp\/v2\/comments?post=4641"}],"version-history":[{"count":9,"href":"https:\/\/deboekanier.nl\/de\/wp-json\/wp\/v2\/pages\/4641\/revisions"}],"predecessor-version":[{"id":9821,"href":"https:\/\/deboekanier.nl\/de\/wp-json\/wp\/v2\/pages\/4641\/revisions\/9821"}],"wp:attachment":[{"href":"https:\/\/deboekanier.nl\/de\/wp-json\/wp\/v2\/media?parent=4641"}],"curies":[{"name":"wp","href":"https:\/\/api.w.org\/{rel}","templated":true}]}}