{"id":9825,"date":"2026-03-14T09:13:27","date_gmt":"2026-03-14T08:13:27","guid":{"rendered":"https:\/\/deboekanier.nl\/?page_id=9825"},"modified":"2026-03-14T09:22:54","modified_gmt":"2026-03-14T08:22:54","slug":"segelreisen-fuer-best-ager-55","status":"publish","type":"page","link":"https:\/\/deboekanier.nl\/de\/segelreisen-fuer-best-ager-55\/","title":{"rendered":"Segelreisen f\u00fcr Best Ager (55+)"},"content":{"rendered":"<h2 style=\"text-align: center;\" data-path-to-node=\"1\">Segelreisen f\u00fcr Best Ager (55+) in den sch\u00f6nsten Revieren:<br \/>\nIJsselmeer und Wattenmeer<\/h2>\n<p data-path-to-node=\"2\">Erleben Sie Freiheit, Abenteuer und pure Natur mit einem historischen Segelschiff als Ihrem schwimmenden Ferienhaus. Das <b data-path-to-node=\"2\" data-index-in-node=\"121\">IJsselmeer<\/b> (die ehemalige Zuiderzee) und das <b data-path-to-node=\"2\" data-index-in-node=\"166\">Wattenmeer<\/b> mit seinen malerischen Inseln zeigen sich immer wieder von einer anderen Seite. Ob Naturfreund, Kulturliebhaber oder geselliger Genie\u00dfer \u2013 hier kommt jeder auf seine Kosten. Mit seinen einzigartigen Landschaften, der reichen Geschichte, charmanten St\u00e4dtchen, urigen Kneipen und wundersch\u00f6nen Inseln hat das Watt unendlich viel zu bieten.<\/p>\n<hr data-path-to-node=\"3\" \/>\n<h3 data-path-to-node=\"4\">Komfortables Segeln zu den Inseln<\/h3>\n<p data-path-to-node=\"5\">Im Jahr <b data-path-to-node=\"5\" data-index-in-node=\"8\">2026<\/b> sticht die <i data-path-to-node=\"5\" data-index-in-node=\"24\">Boekanier<\/i> wieder in See! Speziell f\u00fcr die Generation 55+ bieten wir Reisen \u00fcber das IJsselmeer (im Mai) und das einzigartige Wattenmeer (im Juni und August) an.<\/p>\n<p data-path-to-node=\"6\">An Bord der robusten Klipper gilt das Motto: <b data-path-to-node=\"6\" data-index-in-node=\"45\">Alles kann, nichts muss.<\/b> M\u00f6chten Sie beim Setzen oder Reffen der Segel helfen? Mal selbst am Steuerrad stehen? Oder lieber entspannt das Treiben an Bord genie\u00dfen? Alles ist m\u00f6glich! F\u00fcr diese Reisen haben wir <b data-path-to-node=\"6\" data-index-in-node=\"254\">zus\u00e4tzliche Besatzung<\/b> an Bord, um Ihnen den bestm\u00f6glichen Service zu bieten.<\/p>\n<p data-path-to-node=\"7\"><b data-path-to-node=\"7\" data-index-in-node=\"0\">Ihr Komfort an Bord:<\/b><\/p>\n<ul data-path-to-node=\"8\">\n<li>\n<p data-path-to-node=\"8,0,0\"><b data-path-to-node=\"8,0,0\" data-index-in-node=\"0\">Unterbringung:<\/b> Ger\u00e4umige Zweibettkabinen mit eigenem Waschbecken (Warm- und Kaltwasser) und 220-Volt-Anschluss.<\/p>\n<\/li>\n<li>\n<p data-path-to-node=\"8,1,0\"><b data-path-to-node=\"8,1,0\" data-index-in-node=\"0\">Ausstattung:<\/b> Drei sehr gro\u00dfz\u00fcgige Duschen und Toiletten sowie eine Zentralheizung auf dem gesamten Schiff.<\/p>\n<\/li>\n<li>\n<p data-path-to-node=\"8,2,0\"><b data-path-to-node=\"8,2,0\" data-index-in-node=\"0\">Kulinarik:<\/b> Unser mitreisender Koch zaubert in der gem\u00fctlichen Komb\u00fcse die k\u00f6stlichsten Mahlzeiten f\u00fcr Sie.<\/p>\n<\/li>\n<\/ul>\n<hr data-path-to-node=\"9\" \/>\n<h3 data-path-to-node=\"10\">Zu Land, zu Wasser und dazwischen<\/h3>\n<p data-path-to-node=\"11\">Diese beeindruckenden Segelt\u00f6rns f\u00fchren Sie zu lebhaften Hafenst\u00e4dten, naturbelassenen Inseln und nat\u00fcrlich zum Stolz der Niederlande: dem <b data-path-to-node=\"11\" data-index-in-node=\"139\">Wattenmeer<\/b>. Es ist die Heimat vieler Seehunde und ein magisches Weltnaturerbe, das mal Land und mal Meer ist.<\/p>\n<p data-path-to-node=\"12\">Wenn das Wetter es zul\u00e4sst, erwartet Sie ein besonderes Highlight: <b data-path-to-node=\"12\" data-index-in-node=\"67\">Trockenfallen und Wattwandern.<\/b> Der Skipper besitzt alle erforderlichen Genehmigungen, um Sie dieses au\u00dfergew\u00f6hnliche Gebiet hautnah erleben zu lassen. W\u00e4hrend das Schiff darauf wartet, dass die Flut zur\u00fcckkehrt, unternehmen Sie eine faszinierende Wanderung auf dem Meeresgrund. Mit etwas Gl\u00fcck kehren Sie sogar mit selbst gefangenen Nordseekrabben zur\u00fcck an Bord.<\/p>\n<hr data-path-to-node=\"13\" \/>\n<h3 data-path-to-node=\"14\">So funktioniert es:<\/h3>\n<ol start=\"1\" data-path-to-node=\"15\">\n<li>\n<p data-path-to-node=\"15,0,0\">Klicken Sie unter den Reiseoptionen auf Ihr <b data-path-to-node=\"15,0,0\" data-index-in-node=\"44\">Wunschdatum<\/b>.<\/p>\n<\/li>\n<li>\n<p data-path-to-node=\"15,1,0\">Informieren Sie sich \u00fcber die (beispielhafte) <b data-path-to-node=\"15,1,0\" data-index-in-node=\"46\">Top-Route<\/b> und alle Inklusivleistungen.<\/p>\n<\/li>\n<li>\n<p data-path-to-node=\"15,2,0\"><b data-path-to-node=\"15,2,0\" data-index-in-node=\"0\">Reservieren<\/b> Sie Ihren Platz an Bord.<\/p>\n<\/li>\n<\/ol>\n<hr data-path-to-node=\"16\" \/>\n<p data-path-to-node=\"17\">M\u00f6chten Sie,\u00a0 die Tabelle mit den Reisedaten<br \/>\n<a href=\"https:\/\/bootbootboot.de\/reisen\/55-plus-segelurlaub-komfort\/\">https:\/\/bootbootboot.de\/reisen\/55-plus-segelurlaub-komfort\/<\/a><\/p>\n","protected":false},"excerpt":{"rendered":"<p>Segelreisen f\u00fcr Best Ager (55+) in den sch\u00f6nsten Revieren: IJsselmeer und Wattenmeer Erleben Sie Freiheit, Abenteuer und pure Natur mit einem historischen Segelschiff als Ihrem schwimmenden Ferienhaus. Das IJsselmeer (die ehemalige Zuiderzee) und das Wattenmeer mit seinen malerischen Inseln zeigen sich immer wieder von einer anderen Seite. Ob Naturfreund, Kulturliebhaber oder geselliger Genie\u00dfer \u2013 hier&#8230;<\/p>\n","protected":false},"author":1,"featured_media":0,"parent":0,"menu_order":0,"comment_status":"closed","ping_status":"closed","template":"","meta":{"_joinchat":[],"footnotes":""},"class_list":["post-9825","page","type-page","status-publish","hentry"],"_links":{"self":[{"href":"https:\/\/deboekanier.nl\/de\/wp-json\/wp\/v2\/pages\/9825","targetHints":{"allow":["GET"]}}],"collection":[{"href":"https:\/\/deboekanier.nl\/de\/wp-json\/wp\/v2\/pages"}],"about":[{"href":"https:\/\/deboekanier.nl\/de\/wp-json\/wp\/v2\/types\/page"}],"author":[{"embeddable":true,"href":"https:\/\/deboekanier.nl\/de\/wp-json\/wp\/v2\/users\/1"}],"replies":[{"embeddable":true,"href":"https:\/\/deboekanier.nl\/de\/wp-json\/wp\/v2\/comments?post=9825"}],"version-history":[{"count":4,"href":"https:\/\/deboekanier.nl\/de\/wp-json\/wp\/v2\/pages\/9825\/revisions"}],"predecessor-version":[{"id":9829,"href":"https:\/\/deboekanier.nl\/de\/wp-json\/wp\/v2\/pages\/9825\/revisions\/9829"}],"wp:attachment":[{"href":"https:\/\/deboekanier.nl\/de\/wp-json\/wp\/v2\/media?parent=9825"}],"curies":[{"name":"wp","href":"https:\/\/api.w.org\/{rel}","templated":true}]}}