{"id":8620,"date":"2022-11-26T21:18:40","date_gmt":"2022-11-26T20:18:43","guid":{"rendered":"https:\/\/deboekanier.nl\/?post_type=product&#038;p=8620"},"modified":"2022-11-26T21:25:35","modified_gmt":"2022-11-26T20:25:35","slug":"hoodie","status":"publish","type":"product","link":"https:\/\/deboekanier.nl\/de\/produkt\/hoodie\/","title":{"rendered":"Hoodie"},"content":{"rendered":"","protected":false},"excerpt":{"rendered":"<p>Moderner Hoodie f\u00fcr Damen und Herren in verschiedenen Farben und Gr\u00f6\u00dfen<\/p>\n","protected":false},"featured_media":8655,"template":"","meta":{"_joinchat":[]},"product_brand":[],"product_cat":[294],"product_tag":[],"class_list":{"0":"post-8620","1":"product","2":"type-product","3":"status-publish","4":"has-post-thumbnail","6":"product_cat-hoodies-de","7":"pa_kleur-burgunderrot","8":"pa_kleur-grau","9":"pa_kleur-navy-de","10":"pa_kleur-schwarz","11":"pa_kleur-weis","13":"first","14":"instock","15":"shipping-taxable","16":"purchasable","17":"product-type-variable","18":"has-default-attributes"},"_links":{"self":[{"href":"https:\/\/deboekanier.nl\/de\/wp-json\/wp\/v2\/product\/8620","targetHints":{"allow":["GET"]}}],"collection":[{"href":"https:\/\/deboekanier.nl\/de\/wp-json\/wp\/v2\/product"}],"about":[{"href":"https:\/\/deboekanier.nl\/de\/wp-json\/wp\/v2\/types\/product"}],"wp:featuredmedia":[{"embeddable":true,"href":"https:\/\/deboekanier.nl\/de\/wp-json\/wp\/v2\/media\/8655"}],"wp:attachment":[{"href":"https:\/\/deboekanier.nl\/de\/wp-json\/wp\/v2\/media?parent=8620"}],"wp:term":[{"taxonomy":"product_brand","embeddable":true,"href":"https:\/\/deboekanier.nl\/de\/wp-json\/wp\/v2\/product_brand?post=8620"},{"taxonomy":"product_cat","embeddable":true,"href":"https:\/\/deboekanier.nl\/de\/wp-json\/wp\/v2\/product_cat?post=8620"},{"taxonomy":"product_tag","embeddable":true,"href":"https:\/\/deboekanier.nl\/de\/wp-json\/wp\/v2\/product_tag?post=8620"}],"curies":[{"name":"wp","href":"https:\/\/api.w.org\/{rel}","templated":true}]}}